{"id":17040,"date":"2024-07-01T23:33:59","date_gmt":"2024-07-02T02:33:59","guid":{"rendered":"https:\/\/farmaciadagostino.com.ar\/sitio\/producto\/vitamin-way-suplemento-dietario-multi-magnesio-bebible-222-gr\/"},"modified":"2026-03-09T10:10:43","modified_gmt":"2026-03-09T13:10:43","slug":"vitamin-way-suplemento-dietario-multi-magnesio-bebible-222-gr","status":"publish","type":"product","link":"https:\/\/farmaciadagostino.com.ar\/sitio\/producto\/vitamin-way-suplemento-dietario-multi-magnesio-bebible-222-gr\/","title":{"rendered":"Vitamin Way Suplemento Dietario Multi Magnesio Bebible 222 gr"},"content":{"rendered":"<p>Multi Magnesio Bebible Vitamin Way\u00ae aporta diferentes fuentes de magnesio, para optimizar la absorci\u00f3n y potenciar las m\u00faltiples funciones que este mineral desempe\u00f1a en el organismo. Est\u00e1 formulado con 5 tipos de magnesio combinados proporcionalmente para obtener los mayores beneficios sobre el sistema nervioso, el balance digestivo, el stress, la ansiedad, el sistema cardiovascular, los huesos y las articulaciones.                                                                                                                                                                                                                                         <\/p>\n<p>Multi Magnesio Bebible Vitamin Way\u00ae brinda una innovadora f\u00f3rmula bebible sabor lim\u00f3n, sin az\u00facar y apta para personas veganas.<\/p>\n","protected":false},"excerpt":{"rendered":"<p>Multi Magnesio Bebible Vitamin Way\u00ae aporta diferentes fuentes de magnesio, para optimizar la absorci\u00f3n y potenciar las m\u00faltiples funciones que este mineral desempe\u00f1a en el organismo<\/p>\n","protected":false},"featured_media":12217,"comment_status":"open","ping_status":"closed","template":"","meta":[],"product_brand":[],"product_cat":[149],"product_tag":[],"class_list":{"0":"post-17040","1":"product","2":"type-product","3":"status-publish","4":"has-post-thumbnail","6":"product_cat-farmacia","8":"first","9":"instock","10":"shipping-taxable","11":"purchasable","12":"product-type-simple"},"_links":{"self":[{"href":"https:\/\/farmaciadagostino.com.ar\/sitio\/wp-json\/wp\/v2\/product\/17040","targetHints":{"allow":["GET"]}}],"collection":[{"href":"https:\/\/farmaciadagostino.com.ar\/sitio\/wp-json\/wp\/v2\/product"}],"about":[{"href":"https:\/\/farmaciadagostino.com.ar\/sitio\/wp-json\/wp\/v2\/types\/product"}],"replies":[{"embeddable":true,"href":"https:\/\/farmaciadagostino.com.ar\/sitio\/wp-json\/wp\/v2\/comments?post=17040"}],"wp:featuredmedia":[{"embeddable":true,"href":"https:\/\/farmaciadagostino.com.ar\/sitio\/wp-json\/wp\/v2\/media\/12217"}],"wp:attachment":[{"href":"https:\/\/farmaciadagostino.com.ar\/sitio\/wp-json\/wp\/v2\/media?parent=17040"}],"wp:term":[{"taxonomy":"product_brand","embeddable":true,"href":"https:\/\/farmaciadagostino.com.ar\/sitio\/wp-json\/wp\/v2\/product_brand?post=17040"},{"taxonomy":"product_cat","embeddable":true,"href":"https:\/\/farmaciadagostino.com.ar\/sitio\/wp-json\/wp\/v2\/product_cat?post=17040"},{"taxonomy":"product_tag","embeddable":true,"href":"https:\/\/farmaciadagostino.com.ar\/sitio\/wp-json\/wp\/v2\/product_tag?post=17040"}],"curies":[{"name":"wp","href":"https:\/\/api.w.org\/{rel}","templated":true}]}}