{"id":17045,"date":"2024-07-01T23:34:00","date_gmt":"2024-07-02T02:34:00","guid":{"rendered":"https:\/\/farmaciadagostino.com.ar\/sitio\/producto\/rimmel-polvo-volatil-match-perfection-silky-loose\/"},"modified":"2026-03-09T10:18:48","modified_gmt":"2026-03-09T13:18:48","slug":"rimmel-polvo-volatil-match-perfection-silky-loose","status":"publish","type":"product","link":"https:\/\/farmaciadagostino.com.ar\/sitio\/producto\/rimmel-polvo-volatil-match-perfection-silky-loose\/","title":{"rendered":"Rimmel Polvo Vol\u00e1til Match Perfection Silky Loose"},"content":{"rendered":"<p>Consigue el acabado impecable que te mereces con el polvo compacto Match Perfection Silky Loose de Rimmel London. Este polvo suelto se difumina bien, deja un aspecto natural y te da un brillo bonito. No marca las l\u00edneas de expresi\u00f3n y deja la piel con un aspecto sedoso. <\/p>\n<p>Al ser transparente, puede utilizarse en cualquier tono de piel. Es realmente genial si cambias a menudo de color (en t\u00e9rminos de bronceado): no tendr\u00e1s que preocuparte de cambiar todo tu maquillaje para que coincida. Para mantener el aspecto mate, Match Perfection Silky Loose es el polvo perfecto. Su tecnolog\u00eda Smart-Tone imita a la perfecci\u00f3n la textura y el tono de la piel para que tenga un aspecto tan impecable y natural como sea posible. Utiliza una brocha para difuminarlos sobre la piel y crear un aut\u00e9ntico aspecto mate. Su f\u00f3rmula ligera se aplica sin esfuerzo y deja una textura sedosa en la piel. Este polvo transl\u00facido es ideal para utilizarlo en pieles grasas o para fijar el maquillaje. Los polvos Match Perfection de Rimmel London deber\u00edan ser un elemento b\u00e1sico en la rutina de belleza. <\/p>\n<p>Desde Rimmel London creemos que la verdadera belleza, es la propia autoexpresi\u00f3n. Rimmel no es perfecci\u00f3n ni intimidaci\u00f3n, es como Londres: joven, urbano, ecl\u00e9ctico, vanguardista. Es expresi\u00f3n sin reglas, es real, es accesible. Live the London Look! <\/p>\n<h5>Beneficios: <\/h5>\n<p>Es un tono transparente que se adapta a la mayor\u00eda de los tipos de piel<\/p>\n<p>Para un acabado impecable y natural<\/p>\n<p>Polvo facial ligero, suave y liso<\/p>\n<p>Dura hasta 8 horas<\/p>\n<p>Probado dermatol\u00f3gicamente<\/p>\n","protected":false},"excerpt":{"rendered":"<p>Consigue el acabado impecable que te mereces con el polvo compacto Match Perfection Silky Loose de Rimmel London<\/p>\n","protected":false},"featured_media":7841,"comment_status":"open","ping_status":"closed","template":"","meta":[],"product_brand":[],"product_cat":[237,265],"product_tag":[],"class_list":{"0":"post-17045","1":"product","2":"type-product","3":"status-publish","4":"has-post-thumbnail","6":"product_cat-belleza","7":"product_cat-maquillaje","9":"first","10":"instock","11":"shipping-taxable","12":"purchasable","13":"product-type-simple"},"_links":{"self":[{"href":"https:\/\/farmaciadagostino.com.ar\/sitio\/wp-json\/wp\/v2\/product\/17045","targetHints":{"allow":["GET"]}}],"collection":[{"href":"https:\/\/farmaciadagostino.com.ar\/sitio\/wp-json\/wp\/v2\/product"}],"about":[{"href":"https:\/\/farmaciadagostino.com.ar\/sitio\/wp-json\/wp\/v2\/types\/product"}],"replies":[{"embeddable":true,"href":"https:\/\/farmaciadagostino.com.ar\/sitio\/wp-json\/wp\/v2\/comments?post=17045"}],"wp:featuredmedia":[{"embeddable":true,"href":"https:\/\/farmaciadagostino.com.ar\/sitio\/wp-json\/wp\/v2\/media\/7841"}],"wp:attachment":[{"href":"https:\/\/farmaciadagostino.com.ar\/sitio\/wp-json\/wp\/v2\/media?parent=17045"}],"wp:term":[{"taxonomy":"product_brand","embeddable":true,"href":"https:\/\/farmaciadagostino.com.ar\/sitio\/wp-json\/wp\/v2\/product_brand?post=17045"},{"taxonomy":"product_cat","embeddable":true,"href":"https:\/\/farmaciadagostino.com.ar\/sitio\/wp-json\/wp\/v2\/product_cat?post=17045"},{"taxonomy":"product_tag","embeddable":true,"href":"https:\/\/farmaciadagostino.com.ar\/sitio\/wp-json\/wp\/v2\/product_tag?post=17045"}],"curies":[{"name":"wp","href":"https:\/\/api.w.org\/{rel}","templated":true}]}}