{"id":17048,"date":"2024-07-01T23:34:02","date_gmt":"2024-07-02T02:34:02","guid":{"rendered":"https:\/\/farmaciadagostino.com.ar\/sitio\/producto\/vitamin-way-suplemento-dietario-relax-noche-20-capsulas\/"},"modified":"2026-03-09T10:10:43","modified_gmt":"2026-03-09T13:10:43","slug":"vitamin-way-suplemento-dietario-relax-noche-20-capsulas","status":"publish","type":"product","link":"https:\/\/farmaciadagostino.com.ar\/sitio\/producto\/vitamin-way-suplemento-dietario-relax-noche-20-capsulas\/","title":{"rendered":"Vitamin Way Suplemento Dietario Relax Noche (20 C\u00e1psulas)"},"content":{"rendered":"<p>Suplemento Dietario Pharmamerican Relax Noche 400 mg x 20 c\u00e1psulas. Formulado con ingredientes que ayudan a relajarse y conciliar el sue\u00f1o, Posee 5 HTP, valeriana, tilo y pasionaria.<\/p>\n<h5>Modo de Uso<\/h5>\n<p>Ingesta diaria sugerida: 1 c\u00e1psula color celeste, antes de acostarse, preferentemente luego de la cena. Supera la ingesta diaria de referencia para \u00e1cido f\u00f3lico y vitaminas B6 y B12.<br \/>\nContenido total de c\u00e1psula 400 mg.<\/p>\n","protected":false},"excerpt":{"rendered":"<p>Suplemento Dietario Pharmamerican Relax Noche 400 mg x 20 c\u00e1psulas<\/p>\n","protected":false},"featured_media":12168,"comment_status":"open","ping_status":"closed","template":"","meta":[],"product_brand":[],"product_cat":[149],"product_tag":[],"class_list":{"0":"post-17048","1":"product","2":"type-product","3":"status-publish","4":"has-post-thumbnail","6":"product_cat-farmacia","8":"first","9":"instock","10":"shipping-taxable","11":"purchasable","12":"product-type-simple"},"_links":{"self":[{"href":"https:\/\/farmaciadagostino.com.ar\/sitio\/wp-json\/wp\/v2\/product\/17048","targetHints":{"allow":["GET"]}}],"collection":[{"href":"https:\/\/farmaciadagostino.com.ar\/sitio\/wp-json\/wp\/v2\/product"}],"about":[{"href":"https:\/\/farmaciadagostino.com.ar\/sitio\/wp-json\/wp\/v2\/types\/product"}],"replies":[{"embeddable":true,"href":"https:\/\/farmaciadagostino.com.ar\/sitio\/wp-json\/wp\/v2\/comments?post=17048"}],"wp:featuredmedia":[{"embeddable":true,"href":"https:\/\/farmaciadagostino.com.ar\/sitio\/wp-json\/wp\/v2\/media\/12168"}],"wp:attachment":[{"href":"https:\/\/farmaciadagostino.com.ar\/sitio\/wp-json\/wp\/v2\/media?parent=17048"}],"wp:term":[{"taxonomy":"product_brand","embeddable":true,"href":"https:\/\/farmaciadagostino.com.ar\/sitio\/wp-json\/wp\/v2\/product_brand?post=17048"},{"taxonomy":"product_cat","embeddable":true,"href":"https:\/\/farmaciadagostino.com.ar\/sitio\/wp-json\/wp\/v2\/product_cat?post=17048"},{"taxonomy":"product_tag","embeddable":true,"href":"https:\/\/farmaciadagostino.com.ar\/sitio\/wp-json\/wp\/v2\/product_tag?post=17048"}],"curies":[{"name":"wp","href":"https:\/\/api.w.org\/{rel}","templated":true}]}}