{"id":17051,"date":"2024-07-01T23:34:02","date_gmt":"2024-07-02T02:34:02","guid":{"rendered":"https:\/\/farmaciadagostino.com.ar\/sitio\/producto\/veet-crema-depilatoria-axila-y-area-de-bikini-piel-sensible-100-ml\/"},"modified":"2026-03-09T10:10:43","modified_gmt":"2026-03-09T13:10:43","slug":"veet-crema-depilatoria-axila-y-area-de-bikini-piel-sensible-100-ml","status":"publish","type":"product","link":"https:\/\/farmaciadagostino.com.ar\/sitio\/producto\/veet-crema-depilatoria-axila-y-area-de-bikini-piel-sensible-100-ml\/","title":{"rendered":"Veet Crema Depilatoria Axila Y Area de Bikini Piel Sensible 100 ml"},"content":{"rendered":"<h5>\n<p>Veet\u00ae crema depilatoria corporal para pieles sensibles remueve el vello de forma eficaz, incluso hasta los vellos m\u00e1s cortos.<\/p>\n<\/h5>\n<h5>Beneficios:<\/h5>\n<p> Adem\u00e1s, su f\u00f3rmula con leche de loto y aroma a jazm\u00edn, humecta y deja tu piel sedosa. Ideal para remover el vello de piernas, axilas, brazos y \u00e1rea del bikini. Deja la piel suave y humectada por 7 d\u00edas. Leer detenidamente las instrucciones antes de usar.<\/p>\n","protected":false},"excerpt":{"rendered":"<p>Veet\u00ae crema depilatoria corporal para pieles sensibles remueve el vello de forma eficaz, incluso hasta los vellos m\u00e1s cortos<\/p>\n","protected":false},"featured_media":13280,"comment_status":"open","ping_status":"closed","template":"","meta":[],"product_brand":[],"product_cat":[152],"product_tag":[],"class_list":{"0":"post-17051","1":"product","2":"type-product","3":"status-publish","4":"has-post-thumbnail","6":"product_cat-cuidado-personal","8":"first","9":"instock","10":"shipping-taxable","11":"purchasable","12":"product-type-simple"},"_links":{"self":[{"href":"https:\/\/farmaciadagostino.com.ar\/sitio\/wp-json\/wp\/v2\/product\/17051","targetHints":{"allow":["GET"]}}],"collection":[{"href":"https:\/\/farmaciadagostino.com.ar\/sitio\/wp-json\/wp\/v2\/product"}],"about":[{"href":"https:\/\/farmaciadagostino.com.ar\/sitio\/wp-json\/wp\/v2\/types\/product"}],"replies":[{"embeddable":true,"href":"https:\/\/farmaciadagostino.com.ar\/sitio\/wp-json\/wp\/v2\/comments?post=17051"}],"wp:featuredmedia":[{"embeddable":true,"href":"https:\/\/farmaciadagostino.com.ar\/sitio\/wp-json\/wp\/v2\/media\/13280"}],"wp:attachment":[{"href":"https:\/\/farmaciadagostino.com.ar\/sitio\/wp-json\/wp\/v2\/media?parent=17051"}],"wp:term":[{"taxonomy":"product_brand","embeddable":true,"href":"https:\/\/farmaciadagostino.com.ar\/sitio\/wp-json\/wp\/v2\/product_brand?post=17051"},{"taxonomy":"product_cat","embeddable":true,"href":"https:\/\/farmaciadagostino.com.ar\/sitio\/wp-json\/wp\/v2\/product_cat?post=17051"},{"taxonomy":"product_tag","embeddable":true,"href":"https:\/\/farmaciadagostino.com.ar\/sitio\/wp-json\/wp\/v2\/product_tag?post=17051"}],"curies":[{"name":"wp","href":"https:\/\/api.w.org\/{rel}","templated":true}]}}