{"id":17052,"date":"2024-07-01T23:34:03","date_gmt":"2024-07-02T02:34:03","guid":{"rendered":"https:\/\/farmaciadagostino.com.ar\/sitio\/producto\/vitamin-way-suplemento-dietario-spirulina-sport-30-capsulas\/"},"modified":"2026-03-09T10:18:48","modified_gmt":"2026-03-09T13:18:48","slug":"vitamin-way-suplemento-dietario-spirulina-sport-30-capsulas","status":"publish","type":"product","link":"https:\/\/farmaciadagostino.com.ar\/sitio\/producto\/vitamin-way-suplemento-dietario-spirulina-sport-30-capsulas\/","title":{"rendered":"Vitamin Way Suplemento Dietario Spirulina Sport (30 C\u00e1psulas)"},"content":{"rendered":"<p>La Spirulina es un alga microsc\u00f3pica de color azul-verdoso con forma de espiral muy fina. Contiene del 50 al 60% de prote\u00ednas. El ginseng y el guaran\u00e1 ayudan a incrementar el rendimiento f\u00edsico. Con respecto al ginseng: Los principales componentes qu\u00edmicos de la ra\u00edz son los ginsen\u00f3sidos (2-3%), a los que se atribuye la mayor\u00eda de sus virtudes; aceite esencial (0.05%) y polisac\u00e1ridos llamados panaxanos. Se lo relaciona con situaciones de stress y mejora de la performance f\u00edsica. Se lo considera \u00fatil en situaciones de fatiga y disminuci\u00f3n de la capacidad para trabajar y concentrarse. Existen estudios que indican que el Ginseng ayuda a reducir la fatiga mental derivada del stress y a retrasar la fatiga f\u00edsica producida por el ejercicio prolongado.\/p&gt;<\/p>\n","protected":false},"excerpt":{"rendered":"<p>La Spirulina es un alga microsc\u00f3pica de color azul-verdoso con forma de espiral muy fina<\/p>\n","protected":false},"featured_media":12166,"comment_status":"open","ping_status":"closed","template":"","meta":[],"product_brand":[],"product_cat":[149],"product_tag":[],"class_list":{"0":"post-17052","1":"product","2":"type-product","3":"status-publish","4":"has-post-thumbnail","6":"product_cat-farmacia","8":"first","9":"instock","10":"shipping-taxable","11":"purchasable","12":"product-type-simple"},"_links":{"self":[{"href":"https:\/\/farmaciadagostino.com.ar\/sitio\/wp-json\/wp\/v2\/product\/17052","targetHints":{"allow":["GET"]}}],"collection":[{"href":"https:\/\/farmaciadagostino.com.ar\/sitio\/wp-json\/wp\/v2\/product"}],"about":[{"href":"https:\/\/farmaciadagostino.com.ar\/sitio\/wp-json\/wp\/v2\/types\/product"}],"replies":[{"embeddable":true,"href":"https:\/\/farmaciadagostino.com.ar\/sitio\/wp-json\/wp\/v2\/comments?post=17052"}],"wp:featuredmedia":[{"embeddable":true,"href":"https:\/\/farmaciadagostino.com.ar\/sitio\/wp-json\/wp\/v2\/media\/12166"}],"wp:attachment":[{"href":"https:\/\/farmaciadagostino.com.ar\/sitio\/wp-json\/wp\/v2\/media?parent=17052"}],"wp:term":[{"taxonomy":"product_brand","embeddable":true,"href":"https:\/\/farmaciadagostino.com.ar\/sitio\/wp-json\/wp\/v2\/product_brand?post=17052"},{"taxonomy":"product_cat","embeddable":true,"href":"https:\/\/farmaciadagostino.com.ar\/sitio\/wp-json\/wp\/v2\/product_cat?post=17052"},{"taxonomy":"product_tag","embeddable":true,"href":"https:\/\/farmaciadagostino.com.ar\/sitio\/wp-json\/wp\/v2\/product_tag?post=17052"}],"curies":[{"name":"wp","href":"https:\/\/api.w.org\/{rel}","templated":true}]}}