{"id":17054,"date":"2024-07-01T23:34:03","date_gmt":"2024-07-02T02:34:03","guid":{"rendered":"https:\/\/farmaciadagostino.com.ar\/sitio\/producto\/vitamin-way-suplemento-dietario-vitamina-b12-20-capsulas\/"},"modified":"2026-03-09T10:25:51","modified_gmt":"2026-03-09T13:25:51","slug":"vitamin-way-suplemento-dietario-vitamina-b12-20-capsulas","status":"publish","type":"product","link":"https:\/\/farmaciadagostino.com.ar\/sitio\/producto\/vitamin-way-suplemento-dietario-vitamina-b12-20-capsulas\/","title":{"rendered":"Vitamin Way Suplemento Dietario Vitamina B12 (20 C\u00e1psulas)"},"content":{"rendered":"<p>Vitamina B12 vegana Vitamin Way\u00ae aporta 2500 microgramos de cianocobalamina, la fuente vegana m\u00e1s estable de vitamina B12. La suplementaci\u00f3n con vitamina B12 en dietas veganas ayuda a reponer y mantener las reservas de este nutriente y colabora en la prevenci\u00f3n de anemia, fatiga, debilidad muscular, problemas intestinales, da\u00f1o neurol\u00f3gico y afectaci\u00f3n del estado de \u00e1nimo ocasionados por carencia de este nutriente esencial.<br \/>\nBeneficios:                                                                                                                                                                                                                                                                                                                                                         &#8211; Aporta vitamina B12 proveniente de fuente vegana.<br \/>\n&#8211; Contribuye con el metabolismo celular.<br \/>\n&#8211; Colabora con el normal funcionamiento del sistema nervioso.<br \/>\n&#8211; Ayuda en la formaci\u00f3n de gl\u00f3bulos rojos.<\/p>\n<p>Ingesta sugerida: 1 c\u00e1psula por semana.<\/p>\n","protected":false},"excerpt":{"rendered":"<p>Vitamina B12 vegana Vitamin Way\u00ae aporta 2500 microgramos de cianocobalamina, la fuente vegana m\u00e1s estable de vitamina B12<\/p>\n","protected":false},"featured_media":12193,"comment_status":"open","ping_status":"closed","template":"","meta":[],"product_brand":[],"product_cat":[149],"product_tag":[],"class_list":{"0":"post-17054","1":"product","2":"type-product","3":"status-publish","4":"has-post-thumbnail","6":"product_cat-farmacia","8":"first","9":"instock","10":"shipping-taxable","11":"purchasable","12":"product-type-simple"},"_links":{"self":[{"href":"https:\/\/farmaciadagostino.com.ar\/sitio\/wp-json\/wp\/v2\/product\/17054","targetHints":{"allow":["GET"]}}],"collection":[{"href":"https:\/\/farmaciadagostino.com.ar\/sitio\/wp-json\/wp\/v2\/product"}],"about":[{"href":"https:\/\/farmaciadagostino.com.ar\/sitio\/wp-json\/wp\/v2\/types\/product"}],"replies":[{"embeddable":true,"href":"https:\/\/farmaciadagostino.com.ar\/sitio\/wp-json\/wp\/v2\/comments?post=17054"}],"wp:featuredmedia":[{"embeddable":true,"href":"https:\/\/farmaciadagostino.com.ar\/sitio\/wp-json\/wp\/v2\/media\/12193"}],"wp:attachment":[{"href":"https:\/\/farmaciadagostino.com.ar\/sitio\/wp-json\/wp\/v2\/media?parent=17054"}],"wp:term":[{"taxonomy":"product_brand","embeddable":true,"href":"https:\/\/farmaciadagostino.com.ar\/sitio\/wp-json\/wp\/v2\/product_brand?post=17054"},{"taxonomy":"product_cat","embeddable":true,"href":"https:\/\/farmaciadagostino.com.ar\/sitio\/wp-json\/wp\/v2\/product_cat?post=17054"},{"taxonomy":"product_tag","embeddable":true,"href":"https:\/\/farmaciadagostino.com.ar\/sitio\/wp-json\/wp\/v2\/product_tag?post=17054"}],"curies":[{"name":"wp","href":"https:\/\/api.w.org\/{rel}","templated":true}]}}