{"id":17062,"date":"2024-07-01T23:34:04","date_gmt":"2024-07-02T02:34:04","guid":{"rendered":"https:\/\/farmaciadagostino.com.ar\/sitio\/producto\/vitamin-way-vitaminas-y-minerales-k2-magnesio-30-capsulas\/"},"modified":"2026-03-09T10:10:43","modified_gmt":"2026-03-09T13:10:43","slug":"vitamin-way-vitaminas-y-minerales-k2-magnesio-30-capsulas","status":"publish","type":"product","link":"https:\/\/farmaciadagostino.com.ar\/sitio\/producto\/vitamin-way-vitaminas-y-minerales-k2-magnesio-30-capsulas\/","title":{"rendered":"Vitamin Way Vitaminas Y Minerales K2 + Magnesio (30 C\u00e1psulas)"},"content":{"rendered":"<p>Suplemento dietario a base de vitaminas y minerales con col\u00e1geno. Favorece la nutrici\u00f3n \u00f3sea.<\/p>\n<p>Favorece una mayor densidad mineral y fuerza en los huesos.<br \/>\nColabora con la flexibilidad y resistencia \u00f3sea.<br \/>\nAyuda a promover la salud cardiovascular.<br \/>\nElaborado con fuentes de vitamina K2 y Magnesio con elevada biodisponibilidad.<\/p>\n<p>Vitamina K2 (menaquinona-7) proveniente de natto:<br \/>\nEn la naturaleza se encuentran dos formas de vitamina K, similares desde el punto de vista qu\u00edmico: vitamina K1 (filoquinona) y vitamina K2 (menaquinonas).<br \/>\nExisten diversas formas de vitamina K2 y entre ellas presentan diferentes perfiles de absorci\u00f3n y distribuci\u00f3n dentro del organismo. Seg\u00fan evidencia cient\u00edfica la vitamina K2 menaquinona-7 presenta mayor biodisponibilidad y vida media con respecto a las vitaminas K1 y menaquinona-4.<br \/>\nBeneficios de la Vitamina K2 para la salud de los huesos.<br \/>\nLa vitamina K2 es necesaria para activar la osteocalcina, mol\u00e9cula necesaria para depositar el calcio en los huesos y que tiene un efecto sin\u00e9rgico con la vitamina D, en la formaci\u00f3n de hueso y en la prevenci\u00f3n de la osteoporosis.<\/p>\n<p>Un estudio realizado en Jap\u00f3n, observ\u00f3 que las mujeres que inger\u00edan natto (alimento rico en vitamina K2 en forma de menaquinona-7) ten\u00edan un riesgo menor de sufrir fractura de cadera. El suplemento K2 + Magnesio Vitamin Way\u00ae aporta menaquinona-7 obtenida a partir este tradicional alimento japon\u00e9s, elaborado a partir de porotos de soja fermentados por acci\u00f3n de la bacteria Bacillus subtilis natto.<\/p>\n<p>Citrato de Magnesio: El organismo humano requiere un suministro constante de magnesio para mantenerse saludable debido a que este importante mineral interviene en m\u00e1s de 300 procesos enzim\u00e1ticos. El magnesio es importante para mantener huesos sanos. Las personas con mayor ingesti\u00f3n de magnesio poseen una mayor densidad \u00f3sea, que es importante para reducir el riesgo de fracturas de huesos y de osteoporosis. Los suplementos de magnesio son una forma \u00fatil de aumentar la ingesta de magnesio<br \/>\nVit D3: Es escencial para el mantenimiento de la mineralizaci\u00f3n \u00f3sea, su acci\u00f3n principal consiste en favorecer la absorci\u00f3n intestinal de calcio y f\u00f3sforo.<\/p>\n<p>Col\u00e1geno tipo II: Se han descrito 28 tipos de col\u00e1geno. El col\u00e1geno tipo II es el componente mayoritario del cart\u00edlago, los discos intervertebrales, el humor v\u00edtreo y es un componente esencial para la correcta formaci\u00f3n de dientes y huesos.<\/p>\n","protected":false},"excerpt":{"rendered":"<p>Suplemento dietario a base de vitaminas y minerales con col\u00e1geno<\/p>\n","protected":false},"featured_media":12214,"comment_status":"open","ping_status":"closed","template":"","meta":[],"product_brand":[],"product_cat":[149],"product_tag":[],"class_list":{"0":"post-17062","1":"product","2":"type-product","3":"status-publish","4":"has-post-thumbnail","6":"product_cat-farmacia","8":"first","9":"instock","10":"shipping-taxable","11":"purchasable","12":"product-type-simple"},"_links":{"self":[{"href":"https:\/\/farmaciadagostino.com.ar\/sitio\/wp-json\/wp\/v2\/product\/17062","targetHints":{"allow":["GET"]}}],"collection":[{"href":"https:\/\/farmaciadagostino.com.ar\/sitio\/wp-json\/wp\/v2\/product"}],"about":[{"href":"https:\/\/farmaciadagostino.com.ar\/sitio\/wp-json\/wp\/v2\/types\/product"}],"replies":[{"embeddable":true,"href":"https:\/\/farmaciadagostino.com.ar\/sitio\/wp-json\/wp\/v2\/comments?post=17062"}],"wp:featuredmedia":[{"embeddable":true,"href":"https:\/\/farmaciadagostino.com.ar\/sitio\/wp-json\/wp\/v2\/media\/12214"}],"wp:attachment":[{"href":"https:\/\/farmaciadagostino.com.ar\/sitio\/wp-json\/wp\/v2\/media?parent=17062"}],"wp:term":[{"taxonomy":"product_brand","embeddable":true,"href":"https:\/\/farmaciadagostino.com.ar\/sitio\/wp-json\/wp\/v2\/product_brand?post=17062"},{"taxonomy":"product_cat","embeddable":true,"href":"https:\/\/farmaciadagostino.com.ar\/sitio\/wp-json\/wp\/v2\/product_cat?post=17062"},{"taxonomy":"product_tag","embeddable":true,"href":"https:\/\/farmaciadagostino.com.ar\/sitio\/wp-json\/wp\/v2\/product_tag?post=17062"}],"curies":[{"name":"wp","href":"https:\/\/api.w.org\/{rel}","templated":true}]}}