{"id":17075,"date":"2024-07-01T23:36:43","date_gmt":"2024-07-02T02:36:43","guid":{"rendered":"https:\/\/farmaciadagostino.com.ar\/sitio\/producto\/unesia-bifonazol-unguento-x-20-gr\/"},"modified":"2026-03-09T10:10:43","modified_gmt":"2026-03-09T13:10:43","slug":"unesia-bifonazol-unguento-x-20-gr","status":"publish","type":"product","link":"https:\/\/farmaciadagostino.com.ar\/sitio\/producto\/unesia-bifonazol-unguento-x-20-gr\/","title":{"rendered":"Unesia Bifonazol Unguento X 20 gr"},"content":{"rendered":"<h4><font color=\"#3984c6\" style=\"\"><b>UNESIA<\/b><br \/><span style=\"font-size: 14px;\">REPARADOR DE U\u00d1AS<\/span><\/font><\/h4>\n<div><span style=\"font-size: 14px;\"><b style=\"\"><font color=\"#085294\">ES LA MARCA EXPERTA EN REPARACI\u00d3N DE LAS U\u00d1AS. SU EFECTIVA F\u00d3RMULA AYUDA A RECUPERAR LA DUREZA Y COLORACI\u00d3N DE LA U\u00d1A.<\/font><\/b><\/span><\/div>\n<div><span style=\"font-size: 14px;\"><b style=\"\"><font color=\"#085294\"><br \/><\/font><\/b><\/span><\/div>\n<p><span style=\"font-size: 14px;\"><b style=\"\"><font color=\"#085294\">ACCI\u00d3N:<\/font><\/b><\/span><\/p>\n<\/p>\n<ul>\n<li><span style=\"font-size: 14px;\">Antimic\u00f3tico de uso t\u00f3pico de Venta Libre.<\/span><\/li>\n<\/ul>\n<p><font color=\"#085294\"><span style=\"font-size: 14px;\"><b><br \/><\/b><\/span><\/font><font color=\"#085294\"><span style=\"font-size: 14px;\"><b>\u00bfQU\u00c9 CONTIENE UNESIA?<\/b><\/span><\/font><\/p>\n<\/p>\n<ul>\n<li><span style=\"font-size: 14px;\">Contiene un efectivo ingrediente activo: Bifonazol.<\/span><\/li>\n<\/ul>\n<p><font color=\"#085294\"><span style=\"font-size: 14px;\"><b><br \/><\/b><\/span><\/font><font color=\"#085294\"><span style=\"font-size: 14px;\"><b>\u00bfPARA QU\u00c9 SE USA UNESA?<\/b><\/span><\/font><\/p>\n<\/p>\n<ul>\n<li><span style=\"font-size: 14px;\">Tratamiento auxiliar de los hongos de las u\u00f1as de las manos y pies causados por hongos y levaduras (c\u00e1ndida albicans).&nbsp;<\/span><\/li>\n<\/ul>\n<ul>\n<li><span style=\"font-size: 14px;\">Infecciones mic\u00f3ticas de la piel causada por dermatofitos (richophyton spp).<\/span><\/li>\n<\/ul>\n<ul>\n<li><span style=\"font-size: 14px;\">Alivio de las manifestaciones como: mal olor, sudoraci\u00f3n excesiva, despellejamiento y prurito (picaz\u00f3n).<\/span><\/li>\n<\/ul>\n","protected":false},"excerpt":{"rendered":"<p>UNESIAREPARADOR DE U\u00d1ASES LA MARCA EXPERTA EN REPARACI\u00d3N DE LAS U\u00d1AS<\/p>\n","protected":false},"featured_media":7253,"comment_status":"open","ping_status":"closed","template":"","meta":[],"product_brand":[],"product_cat":[152],"product_tag":[],"class_list":{"0":"post-17075","1":"product","2":"type-product","3":"status-publish","4":"has-post-thumbnail","6":"product_cat-cuidado-personal","8":"first","9":"instock","10":"shipping-taxable","11":"purchasable","12":"product-type-simple"},"_links":{"self":[{"href":"https:\/\/farmaciadagostino.com.ar\/sitio\/wp-json\/wp\/v2\/product\/17075","targetHints":{"allow":["GET"]}}],"collection":[{"href":"https:\/\/farmaciadagostino.com.ar\/sitio\/wp-json\/wp\/v2\/product"}],"about":[{"href":"https:\/\/farmaciadagostino.com.ar\/sitio\/wp-json\/wp\/v2\/types\/product"}],"replies":[{"embeddable":true,"href":"https:\/\/farmaciadagostino.com.ar\/sitio\/wp-json\/wp\/v2\/comments?post=17075"}],"wp:featuredmedia":[{"embeddable":true,"href":"https:\/\/farmaciadagostino.com.ar\/sitio\/wp-json\/wp\/v2\/media\/7253"}],"wp:attachment":[{"href":"https:\/\/farmaciadagostino.com.ar\/sitio\/wp-json\/wp\/v2\/media?parent=17075"}],"wp:term":[{"taxonomy":"product_brand","embeddable":true,"href":"https:\/\/farmaciadagostino.com.ar\/sitio\/wp-json\/wp\/v2\/product_brand?post=17075"},{"taxonomy":"product_cat","embeddable":true,"href":"https:\/\/farmaciadagostino.com.ar\/sitio\/wp-json\/wp\/v2\/product_cat?post=17075"},{"taxonomy":"product_tag","embeddable":true,"href":"https:\/\/farmaciadagostino.com.ar\/sitio\/wp-json\/wp\/v2\/product_tag?post=17075"}],"curies":[{"name":"wp","href":"https:\/\/api.w.org\/{rel}","templated":true}]}}