{"id":17086,"date":"2024-07-01T23:36:48","date_gmt":"2024-07-02T02:36:48","guid":{"rendered":"https:\/\/farmaciadagostino.com.ar\/sitio\/producto\/tio-nacho-spray-engrosador-120-ml\/"},"modified":"2026-03-09T10:25:51","modified_gmt":"2026-03-09T13:25:51","slug":"tio-nacho-spray-engrosador-120-ml","status":"publish","type":"product","link":"https:\/\/farmaciadagostino.com.ar\/sitio\/producto\/tio-nacho-spray-engrosador-120-ml\/","title":{"rendered":"Tio Nacho Spray Engrosador 120 ml"},"content":{"rendered":"<p>Spray Tratamiento T\u00edo Nacho Engrosador, con una combinaci\u00f3n de Jalea Real y Capilgross para pelo con m\u00e1s volumen, fuerte y grueso.<\/p>\n<h5>Beneficios:<\/h5>\n<p>ENGROSADOR: Aumentan el di\u00e1metro de cada pelo dej\u00e1ndolo m\u00e1s fuerte, m\u00e1s grueso y con mayor volumen. gracias a su f\u00f3rmula con el componente exclusivo Capilgross. <\/p>\n<p>&#8211; F\u00d3RMULA NATURAL: Jalea Real + Extracto de Ortiga + el componente exclusivo Capilgross.<\/p>\n<p>&#8211; RESULTADOS INMEDIATOS: En tan solo 1 mes, tu pelo luce como con hasta 33.000 hebras m\u00e1s.<\/p>\n<p>&#8211; VOLUMEN: Mayor vol\u00famen.<\/p>\n<h5>Modo de Uso:<\/h5>\n<p>Aplicar sobre el cabello mojado o seco. Roc\u00ede directamente sobre la raiz del cabello cubriendo todo el cuero cabelludo desde el nivel de las orejas hacia arriba. No se enjuaga.<\/p>\n<h5>Presentaci\u00f3n:<\/h5>\n<p>120 ml.<\/p>\n","protected":false},"excerpt":{"rendered":"<p>Spray Tratamiento T\u00edo Nacho Engrosador, con una combinaci\u00f3n de Jalea Real y Capilgross para pelo con m\u00e1s volumen, fuerte y grueso<\/p>\n","protected":false},"featured_media":12622,"comment_status":"open","ping_status":"closed","template":"","meta":[],"product_brand":[],"product_cat":[237,152],"product_tag":[],"class_list":{"0":"post-17086","1":"product","2":"type-product","3":"status-publish","4":"has-post-thumbnail","6":"product_cat-belleza","7":"product_cat-cuidado-personal","9":"first","10":"instock","11":"shipping-taxable","12":"purchasable","13":"product-type-simple"},"_links":{"self":[{"href":"https:\/\/farmaciadagostino.com.ar\/sitio\/wp-json\/wp\/v2\/product\/17086","targetHints":{"allow":["GET"]}}],"collection":[{"href":"https:\/\/farmaciadagostino.com.ar\/sitio\/wp-json\/wp\/v2\/product"}],"about":[{"href":"https:\/\/farmaciadagostino.com.ar\/sitio\/wp-json\/wp\/v2\/types\/product"}],"replies":[{"embeddable":true,"href":"https:\/\/farmaciadagostino.com.ar\/sitio\/wp-json\/wp\/v2\/comments?post=17086"}],"wp:featuredmedia":[{"embeddable":true,"href":"https:\/\/farmaciadagostino.com.ar\/sitio\/wp-json\/wp\/v2\/media\/12622"}],"wp:attachment":[{"href":"https:\/\/farmaciadagostino.com.ar\/sitio\/wp-json\/wp\/v2\/media?parent=17086"}],"wp:term":[{"taxonomy":"product_brand","embeddable":true,"href":"https:\/\/farmaciadagostino.com.ar\/sitio\/wp-json\/wp\/v2\/product_brand?post=17086"},{"taxonomy":"product_cat","embeddable":true,"href":"https:\/\/farmaciadagostino.com.ar\/sitio\/wp-json\/wp\/v2\/product_cat?post=17086"},{"taxonomy":"product_tag","embeddable":true,"href":"https:\/\/farmaciadagostino.com.ar\/sitio\/wp-json\/wp\/v2\/product_tag?post=17086"}],"curies":[{"name":"wp","href":"https:\/\/api.w.org\/{rel}","templated":true}]}}