{"id":17095,"date":"2024-07-01T23:36:54","date_gmt":"2024-07-02T02:36:54","guid":{"rendered":"https:\/\/farmaciadagostino.com.ar\/sitio\/producto\/protector-solar-dermaglos-fps50-emulsion-x-380-ml\/"},"modified":"2026-03-09T10:18:49","modified_gmt":"2026-03-09T13:18:49","slug":"protector-solar-dermaglos-fps50-emulsion-x-380-ml","status":"publish","type":"product","link":"https:\/\/farmaciadagostino.com.ar\/sitio\/producto\/protector-solar-dermaglos-fps50-emulsion-x-380-ml\/","title":{"rendered":"Protector Solar Dermagl\u00f3s Fps50 Emulsi\u00f3n x 380 ml"},"content":{"rendered":"<p>Alta protecci\u00f3n contra las quemaduras solares, dejando una agradable sensaci\u00f3n en la piel:<br \/>\nHidrata y nutre la piel.<br \/>\nIdeal para pieles sensibles.<br \/>\nResistente al agua.<br \/>\nRecomendado a partir de los 3 a\u00f1os.<\/p>\n<p>Libre de gluten, apto para cel\u00edacos. (Estudio de Determinaci\u00f3n de Gliadinas)<\/p>\n","protected":false},"excerpt":{"rendered":"<p>Alta protecci\u00f3n contra las quemaduras solares, dejando una agradable sensaci\u00f3n en la piel:<br \/>\nHidrata y nutre la piel<\/p>\n","protected":false},"featured_media":20850,"comment_status":"open","ping_status":"closed","template":"","meta":[],"product_brand":[],"product_cat":[237,262,272,162,264],"product_tag":[],"class_list":{"0":"post-17095","1":"product","2":"type-product","3":"status-publish","4":"has-post-thumbnail","6":"product_cat-belleza","7":"product_cat-promo","8":"product_cat-dermaglos-promo","9":"product_cat-dermocosmetica","10":"product_cat-ofertas","12":"first","13":"instock","14":"sale","15":"shipping-taxable","16":"purchasable","17":"product-type-simple"},"_links":{"self":[{"href":"https:\/\/farmaciadagostino.com.ar\/sitio\/wp-json\/wp\/v2\/product\/17095","targetHints":{"allow":["GET"]}}],"collection":[{"href":"https:\/\/farmaciadagostino.com.ar\/sitio\/wp-json\/wp\/v2\/product"}],"about":[{"href":"https:\/\/farmaciadagostino.com.ar\/sitio\/wp-json\/wp\/v2\/types\/product"}],"replies":[{"embeddable":true,"href":"https:\/\/farmaciadagostino.com.ar\/sitio\/wp-json\/wp\/v2\/comments?post=17095"}],"wp:featuredmedia":[{"embeddable":true,"href":"https:\/\/farmaciadagostino.com.ar\/sitio\/wp-json\/wp\/v2\/media\/20850"}],"wp:attachment":[{"href":"https:\/\/farmaciadagostino.com.ar\/sitio\/wp-json\/wp\/v2\/media?parent=17095"}],"wp:term":[{"taxonomy":"product_brand","embeddable":true,"href":"https:\/\/farmaciadagostino.com.ar\/sitio\/wp-json\/wp\/v2\/product_brand?post=17095"},{"taxonomy":"product_cat","embeddable":true,"href":"https:\/\/farmaciadagostino.com.ar\/sitio\/wp-json\/wp\/v2\/product_cat?post=17095"},{"taxonomy":"product_tag","embeddable":true,"href":"https:\/\/farmaciadagostino.com.ar\/sitio\/wp-json\/wp\/v2\/product_tag?post=17095"}],"curies":[{"name":"wp","href":"https:\/\/api.w.org\/{rel}","templated":true}]}}