{"id":17110,"date":"2024-07-01T23:36:55","date_gmt":"2024-07-02T02:36:55","guid":{"rendered":"https:\/\/farmaciadagostino.com.ar\/sitio\/producto\/biferdil-balsamo-nutri-con-vitamina-e-400-ml\/"},"modified":"2026-03-09T10:18:49","modified_gmt":"2026-03-09T13:18:49","slug":"biferdil-balsamo-nutri-con-vitamina-e-400-ml","status":"publish","type":"product","link":"https:\/\/farmaciadagostino.com.ar\/sitio\/producto\/biferdil-balsamo-nutri-con-vitamina-e-400-ml\/","title":{"rendered":"Biferdil Balsamo Nutri Con Vitamina E 400 ml"},"content":{"rendered":"<p>Completa este tratamiento ayudando a desenredar el pelo para dejarlo m\u00e1s d\u00f3cil y manejable, evitando tironeos y hebras quebradas. Nutre, repara y da brillo. La vitamina E que desempe\u00f1a un papel fundamental a la hora de proteger la piel y el cabello, adem\u00e1s de ser un factor que contribuye a la humectaci\u00f3n, ya que disminuye la p\u00e9rdida transepid\u00e9rmica de agua, act\u00faa como antioxidante, repara, protege y fortalece el cabello dej\u00e1ndolo suave brillante y vital.<\/p>\n","protected":false},"excerpt":{"rendered":"<p>Completa este tratamiento ayudando a desenredar el pelo para dejarlo m\u00e1s d\u00f3cil y manejable, evitando tironeos y hebras quebradas<\/p>\n","protected":false},"featured_media":10259,"comment_status":"open","ping_status":"closed","template":"","meta":[],"product_brand":[],"product_cat":[237,152],"product_tag":[],"class_list":{"0":"post-17110","1":"product","2":"type-product","3":"status-publish","4":"has-post-thumbnail","6":"product_cat-belleza","7":"product_cat-cuidado-personal","9":"first","10":"instock","11":"shipping-taxable","12":"purchasable","13":"product-type-simple"},"_links":{"self":[{"href":"https:\/\/farmaciadagostino.com.ar\/sitio\/wp-json\/wp\/v2\/product\/17110","targetHints":{"allow":["GET"]}}],"collection":[{"href":"https:\/\/farmaciadagostino.com.ar\/sitio\/wp-json\/wp\/v2\/product"}],"about":[{"href":"https:\/\/farmaciadagostino.com.ar\/sitio\/wp-json\/wp\/v2\/types\/product"}],"replies":[{"embeddable":true,"href":"https:\/\/farmaciadagostino.com.ar\/sitio\/wp-json\/wp\/v2\/comments?post=17110"}],"wp:featuredmedia":[{"embeddable":true,"href":"https:\/\/farmaciadagostino.com.ar\/sitio\/wp-json\/wp\/v2\/media\/10259"}],"wp:attachment":[{"href":"https:\/\/farmaciadagostino.com.ar\/sitio\/wp-json\/wp\/v2\/media?parent=17110"}],"wp:term":[{"taxonomy":"product_brand","embeddable":true,"href":"https:\/\/farmaciadagostino.com.ar\/sitio\/wp-json\/wp\/v2\/product_brand?post=17110"},{"taxonomy":"product_cat","embeddable":true,"href":"https:\/\/farmaciadagostino.com.ar\/sitio\/wp-json\/wp\/v2\/product_cat?post=17110"},{"taxonomy":"product_tag","embeddable":true,"href":"https:\/\/farmaciadagostino.com.ar\/sitio\/wp-json\/wp\/v2\/product_tag?post=17110"}],"curies":[{"name":"wp","href":"https:\/\/api.w.org\/{rel}","templated":true}]}}