{"id":17113,"date":"2024-07-01T23:36:56","date_gmt":"2024-07-02T02:36:56","guid":{"rendered":"https:\/\/farmaciadagostino.com.ar\/sitio\/producto\/biferdil-balsamo-vitaminado-400-ml\/"},"modified":"2026-03-09T10:18:49","modified_gmt":"2026-03-09T13:18:49","slug":"biferdil-balsamo-vitaminado-400-ml","status":"publish","type":"product","link":"https:\/\/farmaciadagostino.com.ar\/sitio\/producto\/biferdil-balsamo-vitaminado-400-ml\/","title":{"rendered":"Biferdil Balsamo Vitaminado 400 ml"},"content":{"rendered":"<p>Es un acondicionador, rico en vitaminas indispensables para restablecer la salud del cabello y proteger la keratina capilar. Especialmente indicado en los tratamientos de la L\u00ednea Biol\u00f3gica, ya que no deja pel\u00edcula oleosa y permite una \u00f3ptima absorci\u00f3n de la ampolla espec\u00edfica a utilizar. De textura agradable, desenreda, restaura y acondiciona el cabello dej\u00e1ndolo suave, brillante y f\u00e1cil de peinar. Es indicado para todo tipo de cabellos y cuero cabelludo.<\/p>\n<h5>Modo de uso:<\/h5>\n<p>Lavar con Champ\u00fa Biferdil y enjuagar. Aplicar Balsam Vitaminado, dejar actuar unos minutos y luego enjuagar.<\/p>\n","protected":false},"excerpt":{"rendered":"<p>Es un acondicionador, rico en vitaminas indispensables para restablecer la salud del cabello y proteger la keratina capilar<\/p>\n","protected":false},"featured_media":10257,"comment_status":"open","ping_status":"closed","template":"","meta":[],"product_brand":[],"product_cat":[237,152],"product_tag":[],"class_list":{"0":"post-17113","1":"product","2":"type-product","3":"status-publish","4":"has-post-thumbnail","6":"product_cat-belleza","7":"product_cat-cuidado-personal","9":"first","10":"instock","11":"shipping-taxable","12":"purchasable","13":"product-type-simple"},"_links":{"self":[{"href":"https:\/\/farmaciadagostino.com.ar\/sitio\/wp-json\/wp\/v2\/product\/17113","targetHints":{"allow":["GET"]}}],"collection":[{"href":"https:\/\/farmaciadagostino.com.ar\/sitio\/wp-json\/wp\/v2\/product"}],"about":[{"href":"https:\/\/farmaciadagostino.com.ar\/sitio\/wp-json\/wp\/v2\/types\/product"}],"replies":[{"embeddable":true,"href":"https:\/\/farmaciadagostino.com.ar\/sitio\/wp-json\/wp\/v2\/comments?post=17113"}],"wp:featuredmedia":[{"embeddable":true,"href":"https:\/\/farmaciadagostino.com.ar\/sitio\/wp-json\/wp\/v2\/media\/10257"}],"wp:attachment":[{"href":"https:\/\/farmaciadagostino.com.ar\/sitio\/wp-json\/wp\/v2\/media?parent=17113"}],"wp:term":[{"taxonomy":"product_brand","embeddable":true,"href":"https:\/\/farmaciadagostino.com.ar\/sitio\/wp-json\/wp\/v2\/product_brand?post=17113"},{"taxonomy":"product_cat","embeddable":true,"href":"https:\/\/farmaciadagostino.com.ar\/sitio\/wp-json\/wp\/v2\/product_cat?post=17113"},{"taxonomy":"product_tag","embeddable":true,"href":"https:\/\/farmaciadagostino.com.ar\/sitio\/wp-json\/wp\/v2\/product_tag?post=17113"}],"curies":[{"name":"wp","href":"https:\/\/api.w.org\/{rel}","templated":true}]}}