{"id":17114,"date":"2024-07-01T23:36:56","date_gmt":"2024-07-02T02:36:56","guid":{"rendered":"https:\/\/farmaciadagostino.com.ar\/sitio\/producto\/capilatis-acondicionador-caida-linea-ortiga-mujer-350-ml\/"},"modified":"2026-03-09T10:25:51","modified_gmt":"2026-03-09T13:25:51","slug":"capilatis-acondicionador-caida-linea-ortiga-mujer-350-ml","status":"publish","type":"product","link":"https:\/\/farmaciadagostino.com.ar\/sitio\/producto\/capilatis-acondicionador-caida-linea-ortiga-mujer-350-ml\/","title":{"rendered":"Capilatis Acondicionador Ca\u00edda L\u00ednea Ortiga Mujer 350 ml"},"content":{"rendered":"<h5>Descripci\u00f3n<\/h5>\n<p>Ortiga Mujer de Capilatis,un cuidado especial para la ca\u00edda del cabelloen la mujerLa ca\u00edda del cabello afecta a un gran porcentaje de mujeres.La nueva l\u00ednea Ortiga Mujer est\u00e1 pensada especialmente para nosotras. Favorece la irrigaci\u00f3n a nivel de las ra\u00edces y permite que los vasos sangu\u00edneos aporten los nutrientes necesarios para recuperar las caracter\u00edsticas de un cabello sano y resistente.Ayuda a prevenir la ca\u00edda prematura del cabello, acondiciona y facilita el peinado. Contiene principios activos de alto valor nutritivo que contrarrestan la fragilidad de los cabellos, aumentando su elasticidad y mejorando su apariencia. Provee suavidad inmediata, hidrata y aporta excelente brillo. Favorece la irrigaci\u00f3n a nivel de las ra\u00edces y permite que los vasos sangu\u00edneos aporten los nutrientes necesarios para un cabello sano y resistente. Es responsable de un elevado aporte nutritivo que evita la fragilidad capilar y posibilita el progreso de cabellos m\u00e1s resistentes, de este modo ayuda a prevenir la ca\u00edda del cabello y a conservar su salud.<\/p>\n<h5>Beneficios:<\/h5>\n<p>Favorece la irrigaci\u00f3n a nivel de las ra\u00edces y permite que los vasos sangu\u00edneos aporten los nutrientes necesarios para un cabello sano y resistente. Es responsable de un elevado aporte nutritivo que evita la fragilidad capilar y posibilita el progreso de cabellos m\u00e1s resistentes, de este modo ayuda a prevenir la ca\u00edda del cabello y a conservar su salud.<\/p>\n","protected":false},"excerpt":{"rendered":"<p>Descripci\u00f3nOrtiga Mujer de Capilatis,un cuidado especial para la ca\u00edda del cabelloen la mujerLa ca\u00edda del cabello afecta a un gran porcentaje de mujeres<\/p>\n","protected":false},"featured_media":11204,"comment_status":"open","ping_status":"closed","template":"","meta":[],"product_brand":[],"product_cat":[237,152],"product_tag":[],"class_list":{"0":"post-17114","1":"product","2":"type-product","3":"status-publish","4":"has-post-thumbnail","6":"product_cat-belleza","7":"product_cat-cuidado-personal","9":"first","10":"instock","11":"shipping-taxable","12":"purchasable","13":"product-type-simple"},"_links":{"self":[{"href":"https:\/\/farmaciadagostino.com.ar\/sitio\/wp-json\/wp\/v2\/product\/17114","targetHints":{"allow":["GET"]}}],"collection":[{"href":"https:\/\/farmaciadagostino.com.ar\/sitio\/wp-json\/wp\/v2\/product"}],"about":[{"href":"https:\/\/farmaciadagostino.com.ar\/sitio\/wp-json\/wp\/v2\/types\/product"}],"replies":[{"embeddable":true,"href":"https:\/\/farmaciadagostino.com.ar\/sitio\/wp-json\/wp\/v2\/comments?post=17114"}],"wp:featuredmedia":[{"embeddable":true,"href":"https:\/\/farmaciadagostino.com.ar\/sitio\/wp-json\/wp\/v2\/media\/11204"}],"wp:attachment":[{"href":"https:\/\/farmaciadagostino.com.ar\/sitio\/wp-json\/wp\/v2\/media?parent=17114"}],"wp:term":[{"taxonomy":"product_brand","embeddable":true,"href":"https:\/\/farmaciadagostino.com.ar\/sitio\/wp-json\/wp\/v2\/product_brand?post=17114"},{"taxonomy":"product_cat","embeddable":true,"href":"https:\/\/farmaciadagostino.com.ar\/sitio\/wp-json\/wp\/v2\/product_cat?post=17114"},{"taxonomy":"product_tag","embeddable":true,"href":"https:\/\/farmaciadagostino.com.ar\/sitio\/wp-json\/wp\/v2\/product_tag?post=17114"}],"curies":[{"name":"wp","href":"https:\/\/api.w.org\/{rel}","templated":true}]}}