{"id":17123,"date":"2024-07-01T23:36:58","date_gmt":"2024-07-02T02:36:58","guid":{"rendered":"https:\/\/farmaciadagostino.com.ar\/sitio\/producto\/acondicionador-elvive-keraliso-230-x-200-ml\/"},"modified":"2026-03-09T10:18:49","modified_gmt":"2026-03-09T13:18:49","slug":"acondicionador-elvive-keraliso-230-x-200-ml","status":"publish","type":"product","link":"https:\/\/farmaciadagostino.com.ar\/sitio\/producto\/acondicionador-elvive-keraliso-230-x-200-ml\/","title":{"rendered":"Acondicionador Elvive Keraliso 230\u00b0 x 200 ml"},"content":{"rendered":"<p>\u00bfAlisas tu cabello con planchita o secador? Tu cabello sufre, se seca y d\u00eda tras d\u00eda se deteriora. Nuestro Acondicionador Nutri-Liss enriquecido con Micro-Queratina y con efecto Anti-sal\u00b0.. Elvive Keraliso 230\u00b0 para cabello alisado con calor.<\/p>\n<h5>Beneficios:<\/h5>\n<p>1. Realinea fibra a fibra para facilitar un alisado excepcional.<\/p>\n<p>2, Nutre el cabello y reduce el frizz.<\/p>\n<p>3, Protege el cabello contra el calor. <\/p>\n<h5>Modo de uso:<\/h5>\n<p>Aplicar en puntas y largos sobre el cabello mojado despu\u00e9s del shampoo ELVIVE NUTRI-LISS, dejar actuar y enjuagar. Ev\u00edtese el contacto con los ojos. En caso de contacto con los ojos, enjuague inmediatamente. Mant\u00e9ngase fuera del alcance de los ni\u00f1os. Si observa alguna reacci\u00f3n desfavorable suspenda su uso.<\/p>\n","protected":false},"excerpt":{"rendered":"<p>\u00bfAlisas tu cabello con planchita o secador? Tu cabello sufre, se seca y d\u00eda tras d\u00eda se deteriora<\/p>\n","protected":false},"featured_media":9722,"comment_status":"open","ping_status":"closed","template":"","meta":[],"product_brand":[],"product_cat":[237,262,152,264],"product_tag":[],"class_list":{"0":"post-17123","1":"product","2":"type-product","3":"status-publish","4":"has-post-thumbnail","6":"product_cat-belleza","7":"product_cat-promo","8":"product_cat-cuidado-personal","9":"product_cat-ofertas","11":"first","12":"instock","13":"sale","14":"shipping-taxable","15":"purchasable","16":"product-type-simple"},"_links":{"self":[{"href":"https:\/\/farmaciadagostino.com.ar\/sitio\/wp-json\/wp\/v2\/product\/17123","targetHints":{"allow":["GET"]}}],"collection":[{"href":"https:\/\/farmaciadagostino.com.ar\/sitio\/wp-json\/wp\/v2\/product"}],"about":[{"href":"https:\/\/farmaciadagostino.com.ar\/sitio\/wp-json\/wp\/v2\/types\/product"}],"replies":[{"embeddable":true,"href":"https:\/\/farmaciadagostino.com.ar\/sitio\/wp-json\/wp\/v2\/comments?post=17123"}],"wp:featuredmedia":[{"embeddable":true,"href":"https:\/\/farmaciadagostino.com.ar\/sitio\/wp-json\/wp\/v2\/media\/9722"}],"wp:attachment":[{"href":"https:\/\/farmaciadagostino.com.ar\/sitio\/wp-json\/wp\/v2\/media?parent=17123"}],"wp:term":[{"taxonomy":"product_brand","embeddable":true,"href":"https:\/\/farmaciadagostino.com.ar\/sitio\/wp-json\/wp\/v2\/product_brand?post=17123"},{"taxonomy":"product_cat","embeddable":true,"href":"https:\/\/farmaciadagostino.com.ar\/sitio\/wp-json\/wp\/v2\/product_cat?post=17123"},{"taxonomy":"product_tag","embeddable":true,"href":"https:\/\/farmaciadagostino.com.ar\/sitio\/wp-json\/wp\/v2\/product_tag?post=17123"}],"curies":[{"name":"wp","href":"https:\/\/api.w.org\/{rel}","templated":true}]}}