{"id":17125,"date":"2024-07-01T23:36:59","date_gmt":"2024-07-02T02:36:59","guid":{"rendered":"https:\/\/farmaciadagostino.com.ar\/sitio\/producto\/acondicionador-elvive-reparacion-total-5-x-200-ml\/"},"modified":"2026-03-09T10:10:43","modified_gmt":"2026-03-09T13:10:43","slug":"acondicionador-elvive-reparacion-total-5-x-200-ml","status":"publish","type":"product","link":"https:\/\/farmaciadagostino.com.ar\/sitio\/producto\/acondicionador-elvive-reparacion-total-5-x-200-ml\/","title":{"rendered":"Acondicionador Elvive Reparaci\u00f3n Total 5 x 200 ml"},"content":{"rendered":"<p>\u00bfTu cabello est\u00e1 da\u00f1ado? Nuestro Acondicionador Reparador, ahora con 11% de concentrado reparador con KERATINxs y sin sal\u00b0, instant\u00e1neamente repara, fortalece y protege la fibra capilar, para transformar el cabello da\u00f1ado en un cabello sedoso y brillante. Elvive Reparaci\u00f3n Total 5 para cabello da\u00f1ado.<\/p>\n<h5>Beneficios:<\/h5>\n<p>1 SOLUCI\u00d3N PARA REPARAR 5 SIGNOS DEL CABELLO DA\u00d1ADO:<\/p>\n<p>1. RESEQUEDAD.<\/p>\n<p>2. FRAGILIDAD.<\/p>\n<p>3. DESHIDRATACI\u00d3N.<\/p>\n<p>4. ASPEREZA.<\/p>\n<p>5. PUNTAS ABIERTAS.<\/p>\n<h5>Modo de uso:<\/h5>\n<p>Aplicar en puntas y largos sobre el cabello mojado despu\u00e9s del shampoo ELVIVE REPARACI\u00d3N TOTAL 5, dejar actuar y enjuagar. Para un cabello m\u00e1s reparado y fortalecido, utilizar los otros productos de la l\u00ednea ELVIVE REPARACI\u00d3N TOTAL 5. Ev\u00edtese el contacto con los ojos. En caso de contacto con los ojos, enjuague inmediatamente. Mant\u00e9ngase fuera del alcance de los ni\u00f1os. Si observa alguna reacci\u00f3n desfavorable suspenda su uso.<\/p>\n","protected":false},"excerpt":{"rendered":"<p>\u00bfTu cabello est\u00e1 da\u00f1ado? Nuestro Acondicionador Reparador, ahora con 11% de concentrado reparador con KERATINxs y sin sal\u00b0, instant\u00e1neamente repara, fortalece y protege la fibra capilar, para transformar el cabello da\u00f1ado en un cabello sedoso y brillante<\/p>\n","protected":false},"featured_media":9731,"comment_status":"open","ping_status":"closed","template":"","meta":[],"product_brand":[],"product_cat":[237,262,152,264],"product_tag":[],"class_list":{"0":"post-17125","1":"product","2":"type-product","3":"status-publish","4":"has-post-thumbnail","6":"product_cat-belleza","7":"product_cat-promo","8":"product_cat-cuidado-personal","9":"product_cat-ofertas","11":"first","12":"instock","13":"sale","14":"shipping-taxable","15":"purchasable","16":"product-type-simple"},"_links":{"self":[{"href":"https:\/\/farmaciadagostino.com.ar\/sitio\/wp-json\/wp\/v2\/product\/17125","targetHints":{"allow":["GET"]}}],"collection":[{"href":"https:\/\/farmaciadagostino.com.ar\/sitio\/wp-json\/wp\/v2\/product"}],"about":[{"href":"https:\/\/farmaciadagostino.com.ar\/sitio\/wp-json\/wp\/v2\/types\/product"}],"replies":[{"embeddable":true,"href":"https:\/\/farmaciadagostino.com.ar\/sitio\/wp-json\/wp\/v2\/comments?post=17125"}],"wp:featuredmedia":[{"embeddable":true,"href":"https:\/\/farmaciadagostino.com.ar\/sitio\/wp-json\/wp\/v2\/media\/9731"}],"wp:attachment":[{"href":"https:\/\/farmaciadagostino.com.ar\/sitio\/wp-json\/wp\/v2\/media?parent=17125"}],"wp:term":[{"taxonomy":"product_brand","embeddable":true,"href":"https:\/\/farmaciadagostino.com.ar\/sitio\/wp-json\/wp\/v2\/product_brand?post=17125"},{"taxonomy":"product_cat","embeddable":true,"href":"https:\/\/farmaciadagostino.com.ar\/sitio\/wp-json\/wp\/v2\/product_cat?post=17125"},{"taxonomy":"product_tag","embeddable":true,"href":"https:\/\/farmaciadagostino.com.ar\/sitio\/wp-json\/wp\/v2\/product_tag?post=17125"}],"curies":[{"name":"wp","href":"https:\/\/api.w.org\/{rel}","templated":true}]}}