{"id":17225,"date":"2024-07-01T23:37:35","date_gmt":"2024-07-02T02:37:35","guid":{"rendered":"https:\/\/farmaciadagostino.com.ar\/sitio\/producto\/johnsons-baby-crema-corporal-humectante-200-ml\/"},"modified":"2026-03-09T10:10:44","modified_gmt":"2026-03-09T13:10:44","slug":"johnsons-baby-crema-corporal-humectante-200-ml","status":"publish","type":"product","link":"https:\/\/farmaciadagostino.com.ar\/sitio\/producto\/johnsons-baby-crema-corporal-humectante-200-ml\/","title":{"rendered":"Johnsons Baby Crema Corporal Humectante 200 ml"},"content":{"rendered":"<p>JOHNSON\u2019S baby crema l\u00edquida rosa es ideal para el cuerpo de tu beb\u00e9, ya que posee suaves y efectivos emolientes que se absorben r\u00e1pidamente formando una pel\u00edcula que ayuda a humectar la piel, protegi\u00e9ndola de la resequedad. Es suave para la piel y es hipoalerg\u00e9nica.<\/p>\n<h5>Modo de uso:<\/h5>\n<p>Coloca una peque\u00f1a cantidad de producto en tu mano y masajea suavemente con movimentos circulares sobre la piel de tu beb\u00e9. Indicado para uso di\u00e1rio.<\/p>\n","protected":false},"excerpt":{"rendered":"<p>JOHNSON\u2019S baby crema l\u00edquida rosa es ideal para el cuerpo de tu beb\u00e9, ya que posee suaves y efectivos emolientes que se absorben r\u00e1pidamente formando una pel\u00edcula que ayuda a humectar la piel, protegi\u00e9ndola de la resequedad<\/p>\n","protected":false},"featured_media":13321,"comment_status":"open","ping_status":"closed","template":"","meta":[],"product_brand":[],"product_cat":[177],"product_tag":[],"class_list":{"0":"post-17225","1":"product","2":"type-product","3":"status-publish","4":"has-post-thumbnail","6":"product_cat-bebe-maternidad","8":"first","9":"instock","10":"shipping-taxable","11":"purchasable","12":"product-type-simple"},"_links":{"self":[{"href":"https:\/\/farmaciadagostino.com.ar\/sitio\/wp-json\/wp\/v2\/product\/17225","targetHints":{"allow":["GET"]}}],"collection":[{"href":"https:\/\/farmaciadagostino.com.ar\/sitio\/wp-json\/wp\/v2\/product"}],"about":[{"href":"https:\/\/farmaciadagostino.com.ar\/sitio\/wp-json\/wp\/v2\/types\/product"}],"replies":[{"embeddable":true,"href":"https:\/\/farmaciadagostino.com.ar\/sitio\/wp-json\/wp\/v2\/comments?post=17225"}],"wp:featuredmedia":[{"embeddable":true,"href":"https:\/\/farmaciadagostino.com.ar\/sitio\/wp-json\/wp\/v2\/media\/13321"}],"wp:attachment":[{"href":"https:\/\/farmaciadagostino.com.ar\/sitio\/wp-json\/wp\/v2\/media?parent=17225"}],"wp:term":[{"taxonomy":"product_brand","embeddable":true,"href":"https:\/\/farmaciadagostino.com.ar\/sitio\/wp-json\/wp\/v2\/product_brand?post=17225"},{"taxonomy":"product_cat","embeddable":true,"href":"https:\/\/farmaciadagostino.com.ar\/sitio\/wp-json\/wp\/v2\/product_cat?post=17225"},{"taxonomy":"product_tag","embeddable":true,"href":"https:\/\/farmaciadagostino.com.ar\/sitio\/wp-json\/wp\/v2\/product_tag?post=17225"}],"curies":[{"name":"wp","href":"https:\/\/api.w.org\/{rel}","templated":true}]}}