{"id":17261,"date":"2024-07-01T23:37:47","date_gmt":"2024-07-02T02:37:47","guid":{"rendered":"https:\/\/farmaciadagostino.com.ar\/sitio\/producto\/vogue-polvo-compacto-natural-mate-trigueno\/"},"modified":"2026-03-09T10:18:49","modified_gmt":"2026-03-09T13:18:49","slug":"vogue-polvo-compacto-natural-mate-trigueno","status":"publish","type":"product","link":"https:\/\/farmaciadagostino.com.ar\/sitio\/producto\/vogue-polvo-compacto-natural-mate-trigueno\/","title":{"rendered":"Vogue Polvo Compacto Natural Mate Trigueno"},"content":{"rendered":"<p>Descubre nuestro polvo compacto Mate Natural con \u00e1cido hialur\u00f3nico y con filtros solares. Es un polvo que adem\u00e1s de brindar un acabado mate natural de larga duraci\u00f3n tiene el beneficio de anti-poluci\u00f3n y tiene una textura sedosa.<\/p>\n","protected":false},"excerpt":{"rendered":"<p>Descubre nuestro polvo compacto Mate Natural con \u00e1cido hialur\u00f3nico y con filtros solares<\/p>\n","protected":false},"featured_media":9837,"comment_status":"open","ping_status":"closed","template":"","meta":[],"product_brand":[],"product_cat":[237,265],"product_tag":[],"class_list":{"0":"post-17261","1":"product","2":"type-product","3":"status-publish","4":"has-post-thumbnail","6":"product_cat-belleza","7":"product_cat-maquillaje","9":"first","10":"instock","11":"shipping-taxable","12":"purchasable","13":"product-type-simple"},"_links":{"self":[{"href":"https:\/\/farmaciadagostino.com.ar\/sitio\/wp-json\/wp\/v2\/product\/17261","targetHints":{"allow":["GET"]}}],"collection":[{"href":"https:\/\/farmaciadagostino.com.ar\/sitio\/wp-json\/wp\/v2\/product"}],"about":[{"href":"https:\/\/farmaciadagostino.com.ar\/sitio\/wp-json\/wp\/v2\/types\/product"}],"replies":[{"embeddable":true,"href":"https:\/\/farmaciadagostino.com.ar\/sitio\/wp-json\/wp\/v2\/comments?post=17261"}],"wp:featuredmedia":[{"embeddable":true,"href":"https:\/\/farmaciadagostino.com.ar\/sitio\/wp-json\/wp\/v2\/media\/9837"}],"wp:attachment":[{"href":"https:\/\/farmaciadagostino.com.ar\/sitio\/wp-json\/wp\/v2\/media?parent=17261"}],"wp:term":[{"taxonomy":"product_brand","embeddable":true,"href":"https:\/\/farmaciadagostino.com.ar\/sitio\/wp-json\/wp\/v2\/product_brand?post=17261"},{"taxonomy":"product_cat","embeddable":true,"href":"https:\/\/farmaciadagostino.com.ar\/sitio\/wp-json\/wp\/v2\/product_cat?post=17261"},{"taxonomy":"product_tag","embeddable":true,"href":"https:\/\/farmaciadagostino.com.ar\/sitio\/wp-json\/wp\/v2\/product_tag?post=17261"}],"curies":[{"name":"wp","href":"https:\/\/api.w.org\/{rel}","templated":true}]}}