{"id":17314,"date":"2024-07-01T23:52:42","date_gmt":"2024-07-02T02:52:42","guid":{"rendered":"https:\/\/farmaciadagostino.com.ar\/sitio\/?post_type=product&#038;p=17314"},"modified":"2026-03-09T10:18:49","modified_gmt":"2026-03-09T13:18:49","slug":"centrum-hombre-multivitaminico-multimineral-suplemento-x60c","status":"publish","type":"product","link":"https:\/\/farmaciadagostino.com.ar\/sitio\/producto\/centrum-hombre-multivitaminico-multimineral-suplemento-x60c\/","title":{"rendered":"Centrum Hombre Multivitam\u00ednico Multimineral Suplemento X60c"},"content":{"rendered":"<p>Centrum Hombre es un suplemento dietario con Vitaminas y Minerales especialmente formulado para ayudar a satisfacer las necesidades nutricionales de los hombres. <\/p>\n<h5>Beneficios<\/h5>\n<p>Suplemento dietario a base de vitaminas y minerales enn comprimidos recubiertos para hombres.F\u00f3rmula completa de la A al ZINC.Centrum es el Multivitam\u00ednico #1 en ventas en el mundo. <\/p>\n<h5>Modo de Uso:<\/h5>\n<p> Adultos: tome 1 comprimido recubierto (1 porci\u00f3n) de Centrum Hombre al d\u00eda, acompa\u00f1ado de suficiente l\u00edquido. Consumir m\u00e1ximo 1 comprimido recubierto (una porci\u00f3n) al d\u00eda.Especialmente formulado para Hombres.Ayuda a mejorar tus defensas con vitamina C y antioxidantes.Funci\u00f3n Muscular, con Magnesio, Vitamina D y Calcio.Balance nutricional con 13 vitaminas y 11 minerales que complementan tu nutrici\u00f3n. <\/p>\n","protected":false},"excerpt":{"rendered":"<p>Centrum Hombre es un suplemento dietario con Vitaminas y Minerales especialmente formulado para ayudar a satisfacer las necesidades nutricionales de los hombres<\/p>\n","protected":false},"featured_media":11966,"comment_status":"open","ping_status":"closed","template":"","meta":[],"product_brand":[],"product_cat":[149],"product_tag":[],"class_list":{"0":"post-17314","1":"product","2":"type-product","3":"status-publish","4":"has-post-thumbnail","6":"product_cat-farmacia","8":"first","9":"instock","10":"shipping-taxable","11":"purchasable","12":"product-type-simple"},"_links":{"self":[{"href":"https:\/\/farmaciadagostino.com.ar\/sitio\/wp-json\/wp\/v2\/product\/17314","targetHints":{"allow":["GET"]}}],"collection":[{"href":"https:\/\/farmaciadagostino.com.ar\/sitio\/wp-json\/wp\/v2\/product"}],"about":[{"href":"https:\/\/farmaciadagostino.com.ar\/sitio\/wp-json\/wp\/v2\/types\/product"}],"replies":[{"embeddable":true,"href":"https:\/\/farmaciadagostino.com.ar\/sitio\/wp-json\/wp\/v2\/comments?post=17314"}],"wp:featuredmedia":[{"embeddable":true,"href":"https:\/\/farmaciadagostino.com.ar\/sitio\/wp-json\/wp\/v2\/media\/11966"}],"wp:attachment":[{"href":"https:\/\/farmaciadagostino.com.ar\/sitio\/wp-json\/wp\/v2\/media?parent=17314"}],"wp:term":[{"taxonomy":"product_brand","embeddable":true,"href":"https:\/\/farmaciadagostino.com.ar\/sitio\/wp-json\/wp\/v2\/product_brand?post=17314"},{"taxonomy":"product_cat","embeddable":true,"href":"https:\/\/farmaciadagostino.com.ar\/sitio\/wp-json\/wp\/v2\/product_cat?post=17314"},{"taxonomy":"product_tag","embeddable":true,"href":"https:\/\/farmaciadagostino.com.ar\/sitio\/wp-json\/wp\/v2\/product_tag?post=17314"}],"curies":[{"name":"wp","href":"https:\/\/api.w.org\/{rel}","templated":true}]}}