{"id":17323,"date":"2024-07-01T23:52:52","date_gmt":"2024-07-02T02:52:52","guid":{"rendered":"https:\/\/farmaciadagostino.com.ar\/sitio\/?post_type=product&#038;p=17323"},"modified":"2026-03-09T10:18:50","modified_gmt":"2026-03-09T13:18:50","slug":"suplemento-nutricional-ensure-advance-cafe-x-220-ml","status":"publish","type":"product","link":"https:\/\/farmaciadagostino.com.ar\/sitio\/producto\/suplemento-nutricional-ensure-advance-cafe-x-220-ml\/","title":{"rendered":"Suplemento Nutrici\u00f3nal Ensure Advance Caf\u00e9 x 220 ml"},"content":{"rendered":"<p>Ensure\u00ae Advance es nutrici\u00f3n especializada para personas que est\u00e1n perdiendo masa muscular por diversas causas tales como lesiones, cirug\u00edas o enfermedad y no pueden suplir sus necesidades nutricionales con una alimentaci\u00f3n normal o modificada. <\/p>\n<h5>Beneficios:<\/h5>\n<p>Es una formula avanzada y cient\u00edficamente comprobada que ayuda a recuperar y mantener los m\u00fasculos, a base de macronutrientes vitaminas y minerales para adultos. <\/p>\n","protected":false},"excerpt":{"rendered":"<p>Ensure\u00ae Advance es nutrici\u00f3n especializada para personas que est\u00e1n perdiendo masa muscular por diversas causas tales como lesiones, cirug\u00edas o enfermedad y no pueden suplir sus necesidades nutricionales con una alimentaci\u00f3n normal o modificada<\/p>\n","protected":false},"featured_media":13920,"comment_status":"open","ping_status":"closed","template":"","meta":[],"product_brand":[],"product_cat":[149],"product_tag":[],"class_list":{"0":"post-17323","1":"product","2":"type-product","3":"status-publish","4":"has-post-thumbnail","6":"product_cat-farmacia","8":"first","9":"instock","10":"shipping-taxable","11":"purchasable","12":"product-type-simple"},"_links":{"self":[{"href":"https:\/\/farmaciadagostino.com.ar\/sitio\/wp-json\/wp\/v2\/product\/17323","targetHints":{"allow":["GET"]}}],"collection":[{"href":"https:\/\/farmaciadagostino.com.ar\/sitio\/wp-json\/wp\/v2\/product"}],"about":[{"href":"https:\/\/farmaciadagostino.com.ar\/sitio\/wp-json\/wp\/v2\/types\/product"}],"replies":[{"embeddable":true,"href":"https:\/\/farmaciadagostino.com.ar\/sitio\/wp-json\/wp\/v2\/comments?post=17323"}],"wp:featuredmedia":[{"embeddable":true,"href":"https:\/\/farmaciadagostino.com.ar\/sitio\/wp-json\/wp\/v2\/media\/13920"}],"wp:attachment":[{"href":"https:\/\/farmaciadagostino.com.ar\/sitio\/wp-json\/wp\/v2\/media?parent=17323"}],"wp:term":[{"taxonomy":"product_brand","embeddable":true,"href":"https:\/\/farmaciadagostino.com.ar\/sitio\/wp-json\/wp\/v2\/product_brand?post=17323"},{"taxonomy":"product_cat","embeddable":true,"href":"https:\/\/farmaciadagostino.com.ar\/sitio\/wp-json\/wp\/v2\/product_cat?post=17323"},{"taxonomy":"product_tag","embeddable":true,"href":"https:\/\/farmaciadagostino.com.ar\/sitio\/wp-json\/wp\/v2\/product_tag?post=17323"}],"curies":[{"name":"wp","href":"https:\/\/api.w.org\/{rel}","templated":true}]}}