{"id":17338,"date":"2024-07-01T23:52:58","date_gmt":"2024-07-02T02:52:58","guid":{"rendered":"https:\/\/farmaciadagostino.com.ar\/sitio\/?post_type=product&#038;p=17338"},"modified":"2026-03-09T10:10:47","modified_gmt":"2026-03-09T13:10:47","slug":"vitamin-way-suplemento-nutricional-omega-3-30-comprimidos","status":"publish","type":"product","link":"https:\/\/farmaciadagostino.com.ar\/sitio\/producto\/vitamin-way-suplemento-nutricional-omega-3-30-comprimidos\/","title":{"rendered":"Vitamin Way Suplemento Nutricional Omega 3 (30 Comprimidos)"},"content":{"rendered":"<p>El suplemento nutricional Omega 3 Vitamin Way\u00ae favorece la reducci\u00f3n del colesterol, triglic\u00e9ridos y el riesgo cardiovascular. El consumo de aceite de pescado en c\u00e1psulas blandas supera ampliamente a la cantidad de Omega 3 marino que aportar\u00eda la ingesta diaria de pescado.<\/p>\n","protected":false},"excerpt":{"rendered":"<p>El suplemento nutricional Omega 3 Vitamin Way\u00ae favorece la reducci\u00f3n del colesterol, triglic\u00e9ridos y el riesgo cardiovascular<\/p>\n","protected":false},"featured_media":12206,"comment_status":"open","ping_status":"closed","template":"","meta":[],"product_brand":[],"product_cat":[149],"product_tag":[],"class_list":{"0":"post-17338","1":"product","2":"type-product","3":"status-publish","4":"has-post-thumbnail","6":"product_cat-farmacia","8":"first","9":"instock","10":"shipping-taxable","11":"purchasable","12":"product-type-simple"},"_links":{"self":[{"href":"https:\/\/farmaciadagostino.com.ar\/sitio\/wp-json\/wp\/v2\/product\/17338","targetHints":{"allow":["GET"]}}],"collection":[{"href":"https:\/\/farmaciadagostino.com.ar\/sitio\/wp-json\/wp\/v2\/product"}],"about":[{"href":"https:\/\/farmaciadagostino.com.ar\/sitio\/wp-json\/wp\/v2\/types\/product"}],"replies":[{"embeddable":true,"href":"https:\/\/farmaciadagostino.com.ar\/sitio\/wp-json\/wp\/v2\/comments?post=17338"}],"wp:featuredmedia":[{"embeddable":true,"href":"https:\/\/farmaciadagostino.com.ar\/sitio\/wp-json\/wp\/v2\/media\/12206"}],"wp:attachment":[{"href":"https:\/\/farmaciadagostino.com.ar\/sitio\/wp-json\/wp\/v2\/media?parent=17338"}],"wp:term":[{"taxonomy":"product_brand","embeddable":true,"href":"https:\/\/farmaciadagostino.com.ar\/sitio\/wp-json\/wp\/v2\/product_brand?post=17338"},{"taxonomy":"product_cat","embeddable":true,"href":"https:\/\/farmaciadagostino.com.ar\/sitio\/wp-json\/wp\/v2\/product_cat?post=17338"},{"taxonomy":"product_tag","embeddable":true,"href":"https:\/\/farmaciadagostino.com.ar\/sitio\/wp-json\/wp\/v2\/product_tag?post=17338"}],"curies":[{"name":"wp","href":"https:\/\/api.w.org\/{rel}","templated":true}]}}