{"id":17348,"date":"2024-07-01T23:53:01","date_gmt":"2024-07-02T02:53:01","guid":{"rendered":"https:\/\/farmaciadagostino.com.ar\/sitio\/?post_type=product&#038;p=17348"},"modified":"2026-03-09T10:18:50","modified_gmt":"2026-03-09T13:18:50","slug":"ensure-clinical-vainilla-220-ml","status":"publish","type":"product","link":"https:\/\/farmaciadagostino.com.ar\/sitio\/producto\/ensure-clinical-vainilla-220-ml\/","title":{"rendered":"Ensure Clinical Vainilla 220 Ml"},"content":{"rendered":"<p>Ensure Clinical Bebible Vainilla    Alimento hiperprot\u00e9ico, densamente cal\u00f3rico con HMB para uso especial en adulto mayor con desnutrici\u00f3n moderada a severa en condici\u00f3n de hospitalizaci\u00f3n y\/o con reciente alta hospitalaria.  Suplemento alimenticio enteral densamente cal\u00f3rico con alto aporte proteico que proporciona una nutrici\u00f3n completa y equilibrada, dise\u00f1ada para pacientes que requieren un aporte elevado de energ\u00eda en poco volumen.  Ensure Clinical\u00ae es libre de lactosa y gluten, con una densidad energ\u00e9tica de 1.49 kcal\/mL. Los prebi\u00f3ticos (FOS) favorecen el crecimiento de las bacterias ben\u00e9ficas, contribuyendo a la salud intestinal. El balance adecuado entre O 6 y O 3 contribuye al apoyo de funciones fisiol\u00f3gicas normales. Los antioxidantes ayudan a prevenir el da\u00f1o celular causado por los radicales libres. Ensure Clinical contiene una mezcla de grasas que se apega a las recomendaciones de la Asociaci\u00f3n Americana del Coraz\u00f3n (AHA) aportando mayor cantidad de \u00e1cidos grasos monoinsaturados.    DESCRIPCI\u00d3N  &#8211; Ideal en personas con una alimentaci\u00f3n insuficiente o inadecuada que requieren complementar su alimentaci\u00f3n  &#8211; Ideal en personas con restricci\u00f3n moderada de l\u00edquidos  &#8211; Ideal en personas que tienen mayor actividad f\u00edsica que demanda un aporte cal\u00f3rico extra  &#8211; Ideal en personas que requieren un mayor aporte cal\u00f3rico &#8211; proteico  &#8211; Ideal para el pre y post quir\u00fargico    MODO DE USO  Se recomienda tomar 1 botella (220ml) al d\u00eda, preferentemente por la ma\u00f1ana.  Listo para su uso, agitar bien, una vez abierto cons\u00e9rvese en refrigeraci\u00f3n, deseche la cantidad no utilizada despu\u00e9s de 24 horas. Desde Pedidosfarma recomendamos almacenar sin abrir a temperatura ambiente.    &#8212;&#8212;&#8211;<\/p>\n","protected":false},"excerpt":{"rendered":"<p>Ensure Clinical Bebible Vainilla    Alimento hiperprot\u00e9ico, densamente cal\u00f3rico con HMB para uso especial en adulto mayor con desnutrici\u00f3n moderada a severa en condici\u00f3n de hospitalizaci\u00f3n y\/o con reciente alta hospitalaria<\/p>\n","protected":false},"featured_media":13895,"comment_status":"open","ping_status":"closed","template":"","meta":[],"product_brand":[],"product_cat":[149],"product_tag":[],"class_list":{"0":"post-17348","1":"product","2":"type-product","3":"status-publish","4":"has-post-thumbnail","6":"product_cat-farmacia","8":"first","9":"instock","10":"shipping-taxable","11":"purchasable","12":"product-type-simple"},"_links":{"self":[{"href":"https:\/\/farmaciadagostino.com.ar\/sitio\/wp-json\/wp\/v2\/product\/17348","targetHints":{"allow":["GET"]}}],"collection":[{"href":"https:\/\/farmaciadagostino.com.ar\/sitio\/wp-json\/wp\/v2\/product"}],"about":[{"href":"https:\/\/farmaciadagostino.com.ar\/sitio\/wp-json\/wp\/v2\/types\/product"}],"replies":[{"embeddable":true,"href":"https:\/\/farmaciadagostino.com.ar\/sitio\/wp-json\/wp\/v2\/comments?post=17348"}],"wp:featuredmedia":[{"embeddable":true,"href":"https:\/\/farmaciadagostino.com.ar\/sitio\/wp-json\/wp\/v2\/media\/13895"}],"wp:attachment":[{"href":"https:\/\/farmaciadagostino.com.ar\/sitio\/wp-json\/wp\/v2\/media?parent=17348"}],"wp:term":[{"taxonomy":"product_brand","embeddable":true,"href":"https:\/\/farmaciadagostino.com.ar\/sitio\/wp-json\/wp\/v2\/product_brand?post=17348"},{"taxonomy":"product_cat","embeddable":true,"href":"https:\/\/farmaciadagostino.com.ar\/sitio\/wp-json\/wp\/v2\/product_cat?post=17348"},{"taxonomy":"product_tag","embeddable":true,"href":"https:\/\/farmaciadagostino.com.ar\/sitio\/wp-json\/wp\/v2\/product_tag?post=17348"}],"curies":[{"name":"wp","href":"https:\/\/api.w.org\/{rel}","templated":true}]}}