{"id":17355,"date":"2024-07-01T23:53:04","date_gmt":"2024-07-02T02:53:04","guid":{"rendered":"https:\/\/farmaciadagostino.com.ar\/sitio\/?post_type=product&#038;p=17355"},"modified":"2026-03-09T10:18:50","modified_gmt":"2026-03-09T13:18:50","slug":"veritas-polvo-para-hombre-120-gr","status":"publish","type":"product","link":"https:\/\/farmaciadagostino.com.ar\/sitio\/producto\/veritas-polvo-para-hombre-120-gr\/","title":{"rendered":"Veritas Polvo Para Hombre 120 gr"},"content":{"rendered":"<p>La higiene diaria reclama, adem\u00e1s de limpieza, suavidad e hidrataci\u00f3n de la piel. Luego de una afeitada o depilaci\u00f3n, irritaciones por sobreexposici\u00f3n al sol u otras lesiones, el talco espolvoreado act\u00faa como un efectivo calmante, adem\u00e1s de proveer a nuestras c\u00e9lulas la exfoliaci\u00f3n perfecta.<\/p>\n","protected":false},"excerpt":{"rendered":"<p>La higiene diaria reclama, adem\u00e1s de limpieza, suavidad e hidrataci\u00f3n de la piel<\/p>\n","protected":false},"featured_media":19077,"comment_status":"open","ping_status":"closed","template":"","meta":[],"product_brand":[],"product_cat":[152],"product_tag":[],"class_list":{"0":"post-17355","1":"product","2":"type-product","3":"status-publish","4":"has-post-thumbnail","6":"product_cat-cuidado-personal","8":"first","9":"instock","10":"shipping-taxable","11":"purchasable","12":"product-type-simple"},"_links":{"self":[{"href":"https:\/\/farmaciadagostino.com.ar\/sitio\/wp-json\/wp\/v2\/product\/17355","targetHints":{"allow":["GET"]}}],"collection":[{"href":"https:\/\/farmaciadagostino.com.ar\/sitio\/wp-json\/wp\/v2\/product"}],"about":[{"href":"https:\/\/farmaciadagostino.com.ar\/sitio\/wp-json\/wp\/v2\/types\/product"}],"replies":[{"embeddable":true,"href":"https:\/\/farmaciadagostino.com.ar\/sitio\/wp-json\/wp\/v2\/comments?post=17355"}],"wp:featuredmedia":[{"embeddable":true,"href":"https:\/\/farmaciadagostino.com.ar\/sitio\/wp-json\/wp\/v2\/media\/19077"}],"wp:attachment":[{"href":"https:\/\/farmaciadagostino.com.ar\/sitio\/wp-json\/wp\/v2\/media?parent=17355"}],"wp:term":[{"taxonomy":"product_brand","embeddable":true,"href":"https:\/\/farmaciadagostino.com.ar\/sitio\/wp-json\/wp\/v2\/product_brand?post=17355"},{"taxonomy":"product_cat","embeddable":true,"href":"https:\/\/farmaciadagostino.com.ar\/sitio\/wp-json\/wp\/v2\/product_cat?post=17355"},{"taxonomy":"product_tag","embeddable":true,"href":"https:\/\/farmaciadagostino.com.ar\/sitio\/wp-json\/wp\/v2\/product_tag?post=17355"}],"curies":[{"name":"wp","href":"https:\/\/api.w.org\/{rel}","templated":true}]}}