{"id":17360,"date":"2024-07-01T23:53:09","date_gmt":"2024-07-02T02:53:09","guid":{"rendered":"https:\/\/farmaciadagostino.com.ar\/sitio\/?post_type=product&#038;p=17360"},"modified":"2026-03-09T10:25:52","modified_gmt":"2026-03-09T13:25:52","slug":"kotex-tampon-digital-mini-12-unidades","status":"publish","type":"product","link":"https:\/\/farmaciadagostino.com.ar\/sitio\/producto\/kotex-tampon-digital-mini-12-unidades\/","title":{"rendered":"Kotex Tamp\u00f3n Digital Mini (12 Unidades)"},"content":{"rendered":"<p>Para flujo moderado. Exclusiva franja azul blue protection: alta absorci\u00f3n, barrera protectora que bloquea el flujo. Curvas anat\u00f3micas para mayor comodidad. Sistema de seguridad de f\u00e1cil apertura: tipo twist off. Empaques individuales de colores. <\/p>\n","protected":false},"excerpt":{"rendered":"<p>Para flujo moderado<\/p>\n","protected":false},"featured_media":9809,"comment_status":"open","ping_status":"closed","template":"","meta":[],"product_brand":[],"product_cat":[262,152,264],"product_tag":[],"class_list":{"0":"post-17360","1":"product","2":"type-product","3":"status-publish","4":"has-post-thumbnail","6":"product_cat-promo","7":"product_cat-cuidado-personal","8":"product_cat-ofertas","10":"first","11":"instock","12":"sale","13":"shipping-taxable","14":"purchasable","15":"product-type-simple"},"_links":{"self":[{"href":"https:\/\/farmaciadagostino.com.ar\/sitio\/wp-json\/wp\/v2\/product\/17360","targetHints":{"allow":["GET"]}}],"collection":[{"href":"https:\/\/farmaciadagostino.com.ar\/sitio\/wp-json\/wp\/v2\/product"}],"about":[{"href":"https:\/\/farmaciadagostino.com.ar\/sitio\/wp-json\/wp\/v2\/types\/product"}],"replies":[{"embeddable":true,"href":"https:\/\/farmaciadagostino.com.ar\/sitio\/wp-json\/wp\/v2\/comments?post=17360"}],"wp:featuredmedia":[{"embeddable":true,"href":"https:\/\/farmaciadagostino.com.ar\/sitio\/wp-json\/wp\/v2\/media\/9809"}],"wp:attachment":[{"href":"https:\/\/farmaciadagostino.com.ar\/sitio\/wp-json\/wp\/v2\/media?parent=17360"}],"wp:term":[{"taxonomy":"product_brand","embeddable":true,"href":"https:\/\/farmaciadagostino.com.ar\/sitio\/wp-json\/wp\/v2\/product_brand?post=17360"},{"taxonomy":"product_cat","embeddable":true,"href":"https:\/\/farmaciadagostino.com.ar\/sitio\/wp-json\/wp\/v2\/product_cat?post=17360"},{"taxonomy":"product_tag","embeddable":true,"href":"https:\/\/farmaciadagostino.com.ar\/sitio\/wp-json\/wp\/v2\/product_tag?post=17360"}],"curies":[{"name":"wp","href":"https:\/\/api.w.org\/{rel}","templated":true}]}}