{"id":17370,"date":"2024-07-01T23:53:12","date_gmt":"2024-07-02T02:53:12","guid":{"rendered":"https:\/\/farmaciadagostino.com.ar\/sitio\/?post_type=product&#038;p=17370"},"modified":"2026-03-09T10:10:47","modified_gmt":"2026-03-09T13:10:47","slug":"evatest-test-de-embarazo-1-unidad","status":"publish","type":"product","link":"https:\/\/farmaciadagostino.com.ar\/sitio\/producto\/evatest-test-de-embarazo-1-unidad\/","title":{"rendered":"Evatest Test de Embarazo (1 Unidad)"},"content":{"rendered":"<p>Detalles de Evatest Simple Test De Embarazo por 1 unidad <\/p>\n<p>EVATEST simple Resultado en signos (+ o -), hasta 4 d\u00edas antes y con un 99% de exactitud.<\/p>\n<p>La hCG (Gonadotrofina Cori\u00f3nica Humana) es una hormona segregada por la placenta poco tiempo despu\u00e9s de ocurrida la fecundaci\u00f3n. La aparici\u00f3n y el incremento r\u00e1pido de la concentraci\u00f3n de esta hormona en la orina de la madre, hacen de la \u00df-hCG (subunidad \u00df de la hCG) el indicador perfecto para la confirmaci\u00f3n de la existencia del embarazo.<\/p>\n<p>La avanzada tecnolog\u00eda de EVATEST simple involucra la detecci\u00f3n de la hCG en la orina, mediante el uso de anticuerpos monoclonales marcados con part\u00edculas de latex coloreadas, con un alto grado de sensibilidad y una alta confiabilidad en su resultado.<\/p>\n<p>No abrir el envoltorio de aluminio que contiene el test antes de su uso.<\/p>\n<p>EVATEST simple es una tira reactiva basada en la t\u00e9cnica de inmunocromatograf\u00eda tipo s\u00e1ndwich. Esta tecnolog\u00eda utiliza anticuerpos monoclonales, dirigidos contra la subunidad \u00df-hCG, marcados con part\u00edculas de latex. Estos anticuerpos se unen a la hCG y precipitan formando una l\u00ednea coloreada en la ventana de resultado.<\/p>\n<p>SENSIBILIDAD: EVATEST Simple puede detectar niveles de hCG a partir de 25 mUI\/ml, medida contra el 4to est\u00e1ndar internacional de O.M.S.<\/p>\n<p>EXACTITUD: Superior al 99%.<\/p>\n<p>ESPECIFICIDAD: No tiene reacci\u00f3n cruzada con LH (2000 mUI\/ml); FSH (1000 mUI\/ml); TSH (1 m UI\/ml).<\/p>\n<p>INTERFERENCIAS: El test puede dar resultados positivos frente a la administraci\u00f3n ex\u00f3gena de Gonadotrofina Cori\u00f3nica Humana y en algunos tipos de enfermedades no comunes. Consulte a su m\u00e9dico.<\/p>\n<p>NO TIENE INTERFERENCIAS POR: Vitamina C; glucosa; prote\u00ednas; hemoglobina; aspirina; cafe\u00edna; ampicilinas y anticonceptivos orales.<\/p>\n<p>CONDICIONES DE CONSERVACI\u00d3N DEL PRODUCTO: Almacenar entre +2\u00baC y +30\u00baC. No congelar. El producto es estable hasta la fecha de vencimiento, siempre que el envoltorio de aluminio no haya sido abierto.<br \/>\nNo utilizar despu\u00e9s de la fecha de vencimiento.<\/p>\n<p>?Ensayo orientativo para la autodetecci\u00f3n de hCG sin valor diagn\u00f3stico. Ante cualquier duda consulte a su medico?<\/p>\n","protected":false},"excerpt":{"rendered":"<p>Detalles de Evatest Simple Test De Embarazo por 1 unidad <\/p>\n<p>EVATEST simple Resultado en signos (+ o -), hasta 4 d\u00edas antes y con un 99% de exactitud<\/p>\n","protected":false},"featured_media":12074,"comment_status":"open","ping_status":"closed","template":"","meta":[],"product_brand":[],"product_cat":[177,149],"product_tag":[],"class_list":{"0":"post-17370","1":"product","2":"type-product","3":"status-publish","4":"has-post-thumbnail","6":"product_cat-bebe-maternidad","7":"product_cat-farmacia","9":"first","10":"instock","11":"shipping-taxable","12":"purchasable","13":"product-type-simple"},"_links":{"self":[{"href":"https:\/\/farmaciadagostino.com.ar\/sitio\/wp-json\/wp\/v2\/product\/17370","targetHints":{"allow":["GET"]}}],"collection":[{"href":"https:\/\/farmaciadagostino.com.ar\/sitio\/wp-json\/wp\/v2\/product"}],"about":[{"href":"https:\/\/farmaciadagostino.com.ar\/sitio\/wp-json\/wp\/v2\/types\/product"}],"replies":[{"embeddable":true,"href":"https:\/\/farmaciadagostino.com.ar\/sitio\/wp-json\/wp\/v2\/comments?post=17370"}],"wp:featuredmedia":[{"embeddable":true,"href":"https:\/\/farmaciadagostino.com.ar\/sitio\/wp-json\/wp\/v2\/media\/12074"}],"wp:attachment":[{"href":"https:\/\/farmaciadagostino.com.ar\/sitio\/wp-json\/wp\/v2\/media?parent=17370"}],"wp:term":[{"taxonomy":"product_brand","embeddable":true,"href":"https:\/\/farmaciadagostino.com.ar\/sitio\/wp-json\/wp\/v2\/product_brand?post=17370"},{"taxonomy":"product_cat","embeddable":true,"href":"https:\/\/farmaciadagostino.com.ar\/sitio\/wp-json\/wp\/v2\/product_cat?post=17370"},{"taxonomy":"product_tag","embeddable":true,"href":"https:\/\/farmaciadagostino.com.ar\/sitio\/wp-json\/wp\/v2\/product_tag?post=17370"}],"curies":[{"name":"wp","href":"https:\/\/api.w.org\/{rel}","templated":true}]}}