{"id":17371,"date":"2024-07-01T23:53:13","date_gmt":"2024-07-02T02:53:13","guid":{"rendered":"https:\/\/farmaciadagostino.com.ar\/sitio\/?post_type=product&#038;p=17371"},"modified":"2026-03-09T10:18:50","modified_gmt":"2026-03-09T13:18:50","slug":"evatest-test-de-embarazo-digital-7-unidades","status":"publish","type":"product","link":"https:\/\/farmaciadagostino.com.ar\/sitio\/producto\/evatest-test-de-embarazo-digital-7-unidades\/","title":{"rendered":"Evatest Test de Embarazo Digital (7 Unidades)"},"content":{"rendered":"<p>Evaplan Digital es un test de ovulaci\u00f3n dise\u00f1ado para detectar los 2 d\u00edas m\u00e1s f\u00e9rtiles del ciclo menstrual a fin de que puedas aumentar tus probabilidades de quedar embarazada. La avanzada tecnolog\u00eda de Evaplan Digital permite detectar en la orina, en s\u00f3lo 3 minutos, el incremento repentino de una hormona LH<\/p>\n","protected":false},"excerpt":{"rendered":"<p>Evaplan Digital es un test de ovulaci\u00f3n dise\u00f1ado para detectar los 2 d\u00edas m\u00e1s f\u00e9rtiles del ciclo menstrual a fin de que puedas aumentar tus probabilidades de quedar embarazada<\/p>\n","protected":false},"featured_media":12066,"comment_status":"open","ping_status":"closed","template":"","meta":[],"product_brand":[],"product_cat":[177,149],"product_tag":[],"class_list":{"0":"post-17371","1":"product","2":"type-product","3":"status-publish","4":"has-post-thumbnail","6":"product_cat-bebe-maternidad","7":"product_cat-farmacia","9":"first","10":"instock","11":"shipping-taxable","12":"purchasable","13":"product-type-simple"},"_links":{"self":[{"href":"https:\/\/farmaciadagostino.com.ar\/sitio\/wp-json\/wp\/v2\/product\/17371","targetHints":{"allow":["GET"]}}],"collection":[{"href":"https:\/\/farmaciadagostino.com.ar\/sitio\/wp-json\/wp\/v2\/product"}],"about":[{"href":"https:\/\/farmaciadagostino.com.ar\/sitio\/wp-json\/wp\/v2\/types\/product"}],"replies":[{"embeddable":true,"href":"https:\/\/farmaciadagostino.com.ar\/sitio\/wp-json\/wp\/v2\/comments?post=17371"}],"wp:featuredmedia":[{"embeddable":true,"href":"https:\/\/farmaciadagostino.com.ar\/sitio\/wp-json\/wp\/v2\/media\/12066"}],"wp:attachment":[{"href":"https:\/\/farmaciadagostino.com.ar\/sitio\/wp-json\/wp\/v2\/media?parent=17371"}],"wp:term":[{"taxonomy":"product_brand","embeddable":true,"href":"https:\/\/farmaciadagostino.com.ar\/sitio\/wp-json\/wp\/v2\/product_brand?post=17371"},{"taxonomy":"product_cat","embeddable":true,"href":"https:\/\/farmaciadagostino.com.ar\/sitio\/wp-json\/wp\/v2\/product_cat?post=17371"},{"taxonomy":"product_tag","embeddable":true,"href":"https:\/\/farmaciadagostino.com.ar\/sitio\/wp-json\/wp\/v2\/product_tag?post=17371"}],"curies":[{"name":"wp","href":"https:\/\/api.w.org\/{rel}","templated":true}]}}