{"id":17373,"date":"2024-07-01T23:53:16","date_gmt":"2024-07-02T02:53:16","guid":{"rendered":"https:\/\/farmaciadagostino.com.ar\/sitio\/?post_type=product&#038;p=17373"},"modified":"2026-03-09T10:25:52","modified_gmt":"2026-03-09T13:25:52","slug":"farmacolor-ablandador-de-canas-20-g-x-5-sobres-unico","status":"publish","type":"product","link":"https:\/\/farmaciadagostino.com.ar\/sitio\/producto\/farmacolor-ablandador-de-canas-20-g-x-5-sobres-unico\/","title":{"rendered":"Farmacolor Ablandador de Canas 20 g x 5 Sobres \u00danico"},"content":{"rendered":"<p>&#8211; Facilita la penetraci\u00f3n de la coloraci\u00f3n permanente de tinturas. &#8211; Sus componentes abren delicadamente las cut\u00edculas, permitiendo el ingreso del color sobre las canas, ya sean vidriosas y\/o rebeldes. &#8211; Modo de Uso: Aplique uniformemente sobre las canas. &#8211; Deje actuar durante 10 a 15 minutos sin enjuagar. &#8211; Seque el cabello con secador. &#8211; Luego proceda con su tintura habitual o tintura FARMACOLOR para obtener mejores resultados. &#8211; Cada presentaci\u00f3n cuenta con 5 pouches x 20 gr cada una.<\/p>\n","protected":false},"excerpt":{"rendered":"<p>&#8211; Facilita la penetraci\u00f3n de la coloraci\u00f3n permanente de tinturas<\/p>\n","protected":false},"featured_media":19489,"comment_status":"open","ping_status":"closed","template":"","meta":[],"product_brand":[],"product_cat":[237,152],"product_tag":[],"class_list":{"0":"post-17373","1":"product","2":"type-product","3":"status-publish","4":"has-post-thumbnail","6":"product_cat-belleza","7":"product_cat-cuidado-personal","9":"first","10":"instock","11":"shipping-taxable","12":"purchasable","13":"product-type-simple"},"_links":{"self":[{"href":"https:\/\/farmaciadagostino.com.ar\/sitio\/wp-json\/wp\/v2\/product\/17373","targetHints":{"allow":["GET"]}}],"collection":[{"href":"https:\/\/farmaciadagostino.com.ar\/sitio\/wp-json\/wp\/v2\/product"}],"about":[{"href":"https:\/\/farmaciadagostino.com.ar\/sitio\/wp-json\/wp\/v2\/types\/product"}],"replies":[{"embeddable":true,"href":"https:\/\/farmaciadagostino.com.ar\/sitio\/wp-json\/wp\/v2\/comments?post=17373"}],"wp:featuredmedia":[{"embeddable":true,"href":"https:\/\/farmaciadagostino.com.ar\/sitio\/wp-json\/wp\/v2\/media\/19489"}],"wp:attachment":[{"href":"https:\/\/farmaciadagostino.com.ar\/sitio\/wp-json\/wp\/v2\/media?parent=17373"}],"wp:term":[{"taxonomy":"product_brand","embeddable":true,"href":"https:\/\/farmaciadagostino.com.ar\/sitio\/wp-json\/wp\/v2\/product_brand?post=17373"},{"taxonomy":"product_cat","embeddable":true,"href":"https:\/\/farmaciadagostino.com.ar\/sitio\/wp-json\/wp\/v2\/product_cat?post=17373"},{"taxonomy":"product_tag","embeddable":true,"href":"https:\/\/farmaciadagostino.com.ar\/sitio\/wp-json\/wp\/v2\/product_tag?post=17373"}],"curies":[{"name":"wp","href":"https:\/\/api.w.org\/{rel}","templated":true}]}}