{"id":17374,"date":"2024-07-01T23:53:16","date_gmt":"2024-07-02T02:53:16","guid":{"rendered":"https:\/\/farmaciadagostino.com.ar\/sitio\/?post_type=product&#038;p=17374"},"modified":"2026-03-09T10:10:47","modified_gmt":"2026-03-09T13:10:47","slug":"farmacolor-repair-gold-24k-coloracion-permanente-kit-47-g-04-castano","status":"publish","type":"product","link":"https:\/\/farmaciadagostino.com.ar\/sitio\/producto\/farmacolor-repair-gold-24k-coloracion-permanente-kit-47-g-04-castano\/","title":{"rendered":"Farmacolor Repair Gold 24K Coloraci\u00f3n Permanente Kit 47 g 04 Casta\u00f1o"},"content":{"rendered":"<p>NUEVA Tintura permanente en presentaci\u00f3n KIT, Incluye ablandador de canas + crema colorante protectora + crema activadora protectora + m\u00e1scara post-coloraci\u00f3n + shampoo post-coloraci\u00f3n + guantes descartables + prospecto.<\/p>\n","protected":false},"excerpt":{"rendered":"<p>NUEVA Tintura permanente en presentaci\u00f3n KIT, Incluye ablandador de canas + crema colorante protectora + crema activadora protectora + m\u00e1scara post-coloraci\u00f3n + shampoo post-coloraci\u00f3n + guantes descartables + prospecto<\/p>\n","protected":false},"featured_media":19493,"comment_status":"open","ping_status":"closed","template":"","meta":[],"product_brand":[],"product_cat":[237,152],"product_tag":[],"class_list":{"0":"post-17374","1":"product","2":"type-product","3":"status-publish","4":"has-post-thumbnail","6":"product_cat-belleza","7":"product_cat-cuidado-personal","9":"first","10":"instock","11":"shipping-taxable","12":"purchasable","13":"product-type-simple"},"_links":{"self":[{"href":"https:\/\/farmaciadagostino.com.ar\/sitio\/wp-json\/wp\/v2\/product\/17374","targetHints":{"allow":["GET"]}}],"collection":[{"href":"https:\/\/farmaciadagostino.com.ar\/sitio\/wp-json\/wp\/v2\/product"}],"about":[{"href":"https:\/\/farmaciadagostino.com.ar\/sitio\/wp-json\/wp\/v2\/types\/product"}],"replies":[{"embeddable":true,"href":"https:\/\/farmaciadagostino.com.ar\/sitio\/wp-json\/wp\/v2\/comments?post=17374"}],"wp:featuredmedia":[{"embeddable":true,"href":"https:\/\/farmaciadagostino.com.ar\/sitio\/wp-json\/wp\/v2\/media\/19493"}],"wp:attachment":[{"href":"https:\/\/farmaciadagostino.com.ar\/sitio\/wp-json\/wp\/v2\/media?parent=17374"}],"wp:term":[{"taxonomy":"product_brand","embeddable":true,"href":"https:\/\/farmaciadagostino.com.ar\/sitio\/wp-json\/wp\/v2\/product_brand?post=17374"},{"taxonomy":"product_cat","embeddable":true,"href":"https:\/\/farmaciadagostino.com.ar\/sitio\/wp-json\/wp\/v2\/product_cat?post=17374"},{"taxonomy":"product_tag","embeddable":true,"href":"https:\/\/farmaciadagostino.com.ar\/sitio\/wp-json\/wp\/v2\/product_tag?post=17374"}],"curies":[{"name":"wp","href":"https:\/\/api.w.org\/{rel}","templated":true}]}}