{"id":17585,"date":"2024-07-01T23:54:42","date_gmt":"2024-07-02T02:54:42","guid":{"rendered":"https:\/\/farmaciadagostino.com.ar\/sitio\/?post_type=product&#038;p=17585"},"modified":"2026-03-09T10:25:55","modified_gmt":"2026-03-09T13:25:55","slug":"toallas-femeninas-siempre-libre-adapt-plus-noche-y-dia-suave-con-alas-x-8-un","status":"publish","type":"product","link":"https:\/\/farmaciadagostino.com.ar\/sitio\/producto\/toallas-femeninas-siempre-libre-adapt-plus-noche-y-dia-suave-con-alas-x-8-un\/","title":{"rendered":"Toallas Femeninas Siempre Libre Adapt Plus Noche Y D\u00eda Suave Con Alas x 8 un"},"content":{"rendered":"<p>Cuida la salud de tu zona \u00edntima manteniendo el pH natural, previniendo la proliferaci\u00f3n de bacterias2 y brindandote una sensaci\u00f3n fresca; Tecnolog\u00eda de canales exclusivos para una r\u00e1pida absorci\u00f3n haciendote sentir seca y fresca.; Ultra suave: hecho con 70% de materiales de origen natural y sin colorantes; Extra protecci\u00f3n: 5cm m\u00e1s larga4;Ideal para la noche y flujos intensos por su capacidad de absorci\u00f3n y de gel Superabsorbente.<\/p>\n","protected":false},"excerpt":{"rendered":"<p>Cuida la salud de tu zona \u00edntima manteniendo el pH natural, previniendo la proliferaci\u00f3n de bacterias2 y brindandote una sensaci\u00f3n fresca; Tecnolog\u00eda de canales exclusivos para una r\u00e1pida absorci\u00f3n haciendote sentir seca y fresca<\/p>\n","protected":false},"featured_media":9919,"comment_status":"open","ping_status":"closed","template":"","meta":[],"product_brand":[],"product_cat":[262,152,264],"product_tag":[],"class_list":{"0":"post-17585","1":"product","2":"type-product","3":"status-publish","4":"has-post-thumbnail","6":"product_cat-promo","7":"product_cat-cuidado-personal","8":"product_cat-ofertas","10":"first","11":"instock","12":"sale","13":"shipping-taxable","14":"purchasable","15":"product-type-simple"},"_links":{"self":[{"href":"https:\/\/farmaciadagostino.com.ar\/sitio\/wp-json\/wp\/v2\/product\/17585","targetHints":{"allow":["GET"]}}],"collection":[{"href":"https:\/\/farmaciadagostino.com.ar\/sitio\/wp-json\/wp\/v2\/product"}],"about":[{"href":"https:\/\/farmaciadagostino.com.ar\/sitio\/wp-json\/wp\/v2\/types\/product"}],"replies":[{"embeddable":true,"href":"https:\/\/farmaciadagostino.com.ar\/sitio\/wp-json\/wp\/v2\/comments?post=17585"}],"wp:featuredmedia":[{"embeddable":true,"href":"https:\/\/farmaciadagostino.com.ar\/sitio\/wp-json\/wp\/v2\/media\/9919"}],"wp:attachment":[{"href":"https:\/\/farmaciadagostino.com.ar\/sitio\/wp-json\/wp\/v2\/media?parent=17585"}],"wp:term":[{"taxonomy":"product_brand","embeddable":true,"href":"https:\/\/farmaciadagostino.com.ar\/sitio\/wp-json\/wp\/v2\/product_brand?post=17585"},{"taxonomy":"product_cat","embeddable":true,"href":"https:\/\/farmaciadagostino.com.ar\/sitio\/wp-json\/wp\/v2\/product_cat?post=17585"},{"taxonomy":"product_tag","embeddable":true,"href":"https:\/\/farmaciadagostino.com.ar\/sitio\/wp-json\/wp\/v2\/product_tag?post=17585"}],"curies":[{"name":"wp","href":"https:\/\/api.w.org\/{rel}","templated":true}]}}