{"id":17588,"date":"2024-07-01T23:54:44","date_gmt":"2024-07-02T02:54:44","guid":{"rendered":"https:\/\/farmaciadagostino.com.ar\/sitio\/?post_type=product&#038;p=17588"},"modified":"2026-03-09T10:25:55","modified_gmt":"2026-03-09T13:25:55","slug":"huggies-toallas-humedas-la-sirenita-80-unidades","status":"publish","type":"product","link":"https:\/\/farmaciadagostino.com.ar\/sitio\/producto\/huggies-toallas-humedas-la-sirenita-80-unidades\/","title":{"rendered":"Huggies Toallas H\u00famedas La Sirenita (80 Unidades)"},"content":{"rendered":"<p>-MODELO SUJETO A DISPONIBILIDAD-<\/p>\n<p>Las Toallitas h\u00famedas Huggies\u00ae Cuidado 4 en 1 son la mejor propuesta de limpieza de Huggies. Son m\u00e1s gruesas y limpian m\u00e1s con s\u00f3lo una toallita. Su f\u00f3rmula con agentes limpiadores, pepino y t\u00e9 verde, adem\u00e1s de limpiar deja una sensaci\u00f3n de frescura en la piel del beb\u00e9. Est\u00e1n hechas con Eco-Fibras*, fibras naturales que limpian delicadamente su piel. Son hipoalerg\u00e9nicas y no contienen alcohol ni parabenos. (* Fibras de origen natural contenidas en el producto).<\/p>\n<p>Recomendados para vos<\/p>\n","protected":false},"excerpt":{"rendered":"<p>-MODELO SUJETO A DISPONIBILIDAD-<\/p>\n<p>Las Toallitas h\u00famedas Huggies\u00ae Cuidado 4 en 1 son la mejor propuesta de limpieza de Huggies<\/p>\n","protected":false},"featured_media":11821,"comment_status":"open","ping_status":"closed","template":"","meta":[],"product_brand":[],"product_cat":[177],"product_tag":[],"class_list":{"0":"post-17588","1":"product","2":"type-product","3":"status-publish","4":"has-post-thumbnail","6":"product_cat-bebe-maternidad","8":"first","9":"instock","10":"shipping-taxable","11":"purchasable","12":"product-type-simple"},"_links":{"self":[{"href":"https:\/\/farmaciadagostino.com.ar\/sitio\/wp-json\/wp\/v2\/product\/17588","targetHints":{"allow":["GET"]}}],"collection":[{"href":"https:\/\/farmaciadagostino.com.ar\/sitio\/wp-json\/wp\/v2\/product"}],"about":[{"href":"https:\/\/farmaciadagostino.com.ar\/sitio\/wp-json\/wp\/v2\/types\/product"}],"replies":[{"embeddable":true,"href":"https:\/\/farmaciadagostino.com.ar\/sitio\/wp-json\/wp\/v2\/comments?post=17588"}],"wp:featuredmedia":[{"embeddable":true,"href":"https:\/\/farmaciadagostino.com.ar\/sitio\/wp-json\/wp\/v2\/media\/11821"}],"wp:attachment":[{"href":"https:\/\/farmaciadagostino.com.ar\/sitio\/wp-json\/wp\/v2\/media?parent=17588"}],"wp:term":[{"taxonomy":"product_brand","embeddable":true,"href":"https:\/\/farmaciadagostino.com.ar\/sitio\/wp-json\/wp\/v2\/product_brand?post=17588"},{"taxonomy":"product_cat","embeddable":true,"href":"https:\/\/farmaciadagostino.com.ar\/sitio\/wp-json\/wp\/v2\/product_cat?post=17588"},{"taxonomy":"product_tag","embeddable":true,"href":"https:\/\/farmaciadagostino.com.ar\/sitio\/wp-json\/wp\/v2\/product_tag?post=17588"}],"curies":[{"name":"wp","href":"https:\/\/api.w.org\/{rel}","templated":true}]}}