{"id":17590,"date":"2024-07-01T23:54:45","date_gmt":"2024-07-02T02:54:45","guid":{"rendered":"https:\/\/farmaciadagostino.com.ar\/sitio\/?post_type=product&#038;p=17590"},"modified":"2026-03-09T10:18:54","modified_gmt":"2026-03-09T13:18:54","slug":"huggies-toallitas-humedas-triple-accion-48-unidades","status":"publish","type":"product","link":"https:\/\/farmaciadagostino.com.ar\/sitio\/producto\/huggies-toallitas-humedas-triple-accion-48-unidades\/","title":{"rendered":"Huggies Toallitas H\u00famedas Triple Acci\u00f3n (48 Unidades)"},"content":{"rendered":"<h5>Descripci\u00f3n<\/h5>\n<p>Las Toallitas h\u00famedas Huggies\u00ae Triple Protecci\u00f3n est\u00e1n dise\u00f1adas para solucionar la limpieza de todos los d\u00edas. Tienen extracto de manzanilla y una delicada fragancia para la limpieza del beb\u00e9. Adem\u00e1s est\u00e1n hechas con Eco-Fibras*, fibras naturales que limpian delicadamente su piel.   (* Fibras de origen natural contenidas en el producto)<\/p>\n","protected":false},"excerpt":{"rendered":"<p>Descripci\u00f3nLas Toallitas h\u00famedas Huggies\u00ae Triple Protecci\u00f3n est\u00e1n dise\u00f1adas para solucionar la limpieza de todos los d\u00edas<\/p>\n","protected":false},"featured_media":11701,"comment_status":"open","ping_status":"closed","template":"","meta":[],"product_brand":[],"product_cat":[177],"product_tag":[],"class_list":{"0":"post-17590","1":"product","2":"type-product","3":"status-publish","4":"has-post-thumbnail","6":"product_cat-bebe-maternidad","8":"first","9":"instock","10":"shipping-taxable","11":"purchasable","12":"product-type-simple"},"_links":{"self":[{"href":"https:\/\/farmaciadagostino.com.ar\/sitio\/wp-json\/wp\/v2\/product\/17590","targetHints":{"allow":["GET"]}}],"collection":[{"href":"https:\/\/farmaciadagostino.com.ar\/sitio\/wp-json\/wp\/v2\/product"}],"about":[{"href":"https:\/\/farmaciadagostino.com.ar\/sitio\/wp-json\/wp\/v2\/types\/product"}],"replies":[{"embeddable":true,"href":"https:\/\/farmaciadagostino.com.ar\/sitio\/wp-json\/wp\/v2\/comments?post=17590"}],"wp:featuredmedia":[{"embeddable":true,"href":"https:\/\/farmaciadagostino.com.ar\/sitio\/wp-json\/wp\/v2\/media\/11701"}],"wp:attachment":[{"href":"https:\/\/farmaciadagostino.com.ar\/sitio\/wp-json\/wp\/v2\/media?parent=17590"}],"wp:term":[{"taxonomy":"product_brand","embeddable":true,"href":"https:\/\/farmaciadagostino.com.ar\/sitio\/wp-json\/wp\/v2\/product_brand?post=17590"},{"taxonomy":"product_cat","embeddable":true,"href":"https:\/\/farmaciadagostino.com.ar\/sitio\/wp-json\/wp\/v2\/product_cat?post=17590"},{"taxonomy":"product_tag","embeddable":true,"href":"https:\/\/farmaciadagostino.com.ar\/sitio\/wp-json\/wp\/v2\/product_tag?post=17590"}],"curies":[{"name":"wp","href":"https:\/\/api.w.org\/{rel}","templated":true}]}}