{"id":17591,"date":"2024-07-01T23:54:45","date_gmt":"2024-07-02T02:54:45","guid":{"rendered":"https:\/\/farmaciadagostino.com.ar\/sitio\/?post_type=product&#038;p=17591"},"modified":"2026-03-09T10:25:55","modified_gmt":"2026-03-09T13:25:55","slug":"huggies-toallitas-humedas-triple-proteccion-48-unidades","status":"publish","type":"product","link":"https:\/\/farmaciadagostino.com.ar\/sitio\/producto\/huggies-toallitas-humedas-triple-proteccion-48-unidades\/","title":{"rendered":"Huggies Toallitas H\u00famedas Triple Proteccion (48 Unidades)"},"content":{"rendered":"<p>Las Toallitas h\u00famedas Huggies\u00ae  Protecci\u00f3n tipo Oleo Calc\u00e1reo brindan un cuidado especial para la piel del reci\u00e9n nacido: nutren la piel manteniendo su barrera natural contra resequedad e irritaciones. <\/p>\n<h5>Beneficios:<\/h5>\n<p>Su f\u00f3rmula especialmente dise\u00f1ada para brindar una protecci\u00f3n tipo oleo calc\u00e1reo atrae y retiene la humedad natural de la piel. Est\u00e1n hechas con fibras naturales que limpian delicadamente la piel sensible del beb\u00e9. Son hipoalerg\u00e9nicas y no contienen alcohol, ni parabenos.<\/p>\n","protected":false},"excerpt":{"rendered":"<p>Las Toallitas h\u00famedas Huggies\u00ae  Protecci\u00f3n tipo Oleo Calc\u00e1reo brindan un cuidado especial para la piel del reci\u00e9n nacido: nutren la piel manteniendo su barrera natural contra resequedad e irritaciones<\/p>\n","protected":false},"featured_media":11684,"comment_status":"open","ping_status":"closed","template":"","meta":[],"product_brand":[],"product_cat":[177],"product_tag":[],"class_list":{"0":"post-17591","1":"product","2":"type-product","3":"status-publish","4":"has-post-thumbnail","6":"product_cat-bebe-maternidad","8":"first","9":"instock","10":"shipping-taxable","11":"purchasable","12":"product-type-simple"},"_links":{"self":[{"href":"https:\/\/farmaciadagostino.com.ar\/sitio\/wp-json\/wp\/v2\/product\/17591","targetHints":{"allow":["GET"]}}],"collection":[{"href":"https:\/\/farmaciadagostino.com.ar\/sitio\/wp-json\/wp\/v2\/product"}],"about":[{"href":"https:\/\/farmaciadagostino.com.ar\/sitio\/wp-json\/wp\/v2\/types\/product"}],"replies":[{"embeddable":true,"href":"https:\/\/farmaciadagostino.com.ar\/sitio\/wp-json\/wp\/v2\/comments?post=17591"}],"wp:featuredmedia":[{"embeddable":true,"href":"https:\/\/farmaciadagostino.com.ar\/sitio\/wp-json\/wp\/v2\/media\/11684"}],"wp:attachment":[{"href":"https:\/\/farmaciadagostino.com.ar\/sitio\/wp-json\/wp\/v2\/media?parent=17591"}],"wp:term":[{"taxonomy":"product_brand","embeddable":true,"href":"https:\/\/farmaciadagostino.com.ar\/sitio\/wp-json\/wp\/v2\/product_brand?post=17591"},{"taxonomy":"product_cat","embeddable":true,"href":"https:\/\/farmaciadagostino.com.ar\/sitio\/wp-json\/wp\/v2\/product_cat?post=17591"},{"taxonomy":"product_tag","embeddable":true,"href":"https:\/\/farmaciadagostino.com.ar\/sitio\/wp-json\/wp\/v2\/product_tag?post=17591"}],"curies":[{"name":"wp","href":"https:\/\/api.w.org\/{rel}","templated":true}]}}