{"id":17616,"date":"2024-07-01T23:54:55","date_gmt":"2024-07-02T02:54:55","guid":{"rendered":"https:\/\/farmaciadagostino.com.ar\/sitio\/?post_type=product&#038;p=17616"},"modified":"2026-03-09T10:18:55","modified_gmt":"2026-03-09T13:18:55","slug":"capilatis-locion-capilar-con-palo-amargo-linea-piojos-100-ml","status":"publish","type":"product","link":"https:\/\/farmaciadagostino.com.ar\/sitio\/producto\/capilatis-locion-capilar-con-palo-amargo-linea-piojos-100-ml\/","title":{"rendered":"Capilatis Loci\u00f3n Capilar Con Palo Amargo L\u00ednea Piojos 100 ml"},"content":{"rendered":"<p>Evita Piojos de Capilati. El cabello libre de piojos y liendres. Evitan la presencia de piojos y ayudan a desprender las liendres. Sus f\u00f3rmulas no agreden el cabello, permitiendo un uso frecuente y dej\u00e1ndolo suave, brillante y protegido.Recomendamos aplicar la Loci\u00f3n Capilatis a base de Palo Amargo para evitar la presencia de piojos, vaporizando sobre el cabello seco o h\u00famedo antes de asistir al colegio, pileta o lugares p\u00fablicos (especialmente detr\u00e1s de las orejas y en la zona de la nuca). Su f\u00f3rmula no t\u00f3xica y sin pediculicidas qu\u00edmicos, permite el uso frecuente.&nbsp;Sus ingredientes han sido cuidadosamente seleccionados para no agredir al cabello permitiendo su uso frecuente, dej\u00e1ndolo suave, brillante y protegido.<\/p>\n<h5>Beneficios:<\/h5>\n<p>Su f\u00f3rmula no t\u00f3xica y sin pediculicidas qu\u00edmicos, permite el uso frecuente.<\/p>\n<h5>Ingredientes:<\/h5>\n<p>F\u00f3rmulas sin pediculicidas qu\u00edmicos.<\/p>\n<h5>Modo de u:so<\/h5>\n<p>Recomendamos aplicar la Loci\u00f3n Capilatis a base de Palo Amargo para evitar la presencia de piojos, vaporizando sobre el cabello seco o h\u00famedo antes de asistir al colegio, pileta o lugares p\u00fablicos (especialmente detr\u00e1s de las orejas y en la zona de la nuca). Su f\u00f3rmula no t\u00f3xica y sin pediculicidas qu\u00edmicos, permite el uso frecuente.<\/p>\n","protected":false},"excerpt":{"rendered":"<p>Evita Piojos de Capilati<\/p>\n","protected":false},"featured_media":11244,"comment_status":"open","ping_status":"closed","template":"","meta":[],"product_brand":[],"product_cat":[237,152],"product_tag":[],"class_list":{"0":"post-17616","1":"product","2":"type-product","3":"status-publish","4":"has-post-thumbnail","6":"product_cat-belleza","7":"product_cat-cuidado-personal","9":"first","10":"instock","11":"shipping-taxable","12":"purchasable","13":"product-type-simple"},"_links":{"self":[{"href":"https:\/\/farmaciadagostino.com.ar\/sitio\/wp-json\/wp\/v2\/product\/17616","targetHints":{"allow":["GET"]}}],"collection":[{"href":"https:\/\/farmaciadagostino.com.ar\/sitio\/wp-json\/wp\/v2\/product"}],"about":[{"href":"https:\/\/farmaciadagostino.com.ar\/sitio\/wp-json\/wp\/v2\/types\/product"}],"replies":[{"embeddable":true,"href":"https:\/\/farmaciadagostino.com.ar\/sitio\/wp-json\/wp\/v2\/comments?post=17616"}],"wp:featuredmedia":[{"embeddable":true,"href":"https:\/\/farmaciadagostino.com.ar\/sitio\/wp-json\/wp\/v2\/media\/11244"}],"wp:attachment":[{"href":"https:\/\/farmaciadagostino.com.ar\/sitio\/wp-json\/wp\/v2\/media?parent=17616"}],"wp:term":[{"taxonomy":"product_brand","embeddable":true,"href":"https:\/\/farmaciadagostino.com.ar\/sitio\/wp-json\/wp\/v2\/product_brand?post=17616"},{"taxonomy":"product_cat","embeddable":true,"href":"https:\/\/farmaciadagostino.com.ar\/sitio\/wp-json\/wp\/v2\/product_cat?post=17616"},{"taxonomy":"product_tag","embeddable":true,"href":"https:\/\/farmaciadagostino.com.ar\/sitio\/wp-json\/wp\/v2\/product_tag?post=17616"}],"curies":[{"name":"wp","href":"https:\/\/api.w.org\/{rel}","templated":true}]}}