{"id":17617,"date":"2024-07-01T23:54:55","date_gmt":"2024-07-02T02:54:55","guid":{"rendered":"https:\/\/farmaciadagostino.com.ar\/sitio\/?post_type=product&#038;p=17617"},"modified":"2026-03-09T10:25:55","modified_gmt":"2026-03-09T13:25:55","slug":"capilatis-locion-tonica-ortiga-concentrada-60-ml","status":"publish","type":"product","link":"https:\/\/farmaciadagostino.com.ar\/sitio\/producto\/capilatis-locion-tonica-ortiga-concentrada-60-ml\/","title":{"rendered":"Capilatis Loci\u00f3n T\u00f3nica Ortiga Concentrada 60 ml"},"content":{"rendered":"<p>La loci\u00f3n T\u00f3nica Capilar Concentrada Ortiga de Capilatis ayuda a detener la ca\u00edda y a estimular el crecimiento del cabello. El extracto de Ortiga fortalece a la fibra capilar y contribuye a la oxigenaci\u00f3n del bulbo capilar, logrando de est\u00e1 forma una profunda limpieza. Su uso frecuente contribuye a detener la ca\u00edda del cabello.<\/p>\n<h5>Modo de uso:<\/h5>\n<p>Lavar con el Shampoo Capilatis Ortiga adecuado a su tipo de cabello. Luego aplique la Loci\u00f3n T\u00f3nica sobre el cabello h\u00famedo. Masajee suavemente el cuero cabelludo con la yema de los dedos durante unos minutos. No enjuague. Y peine como de costumbre.<\/p>\n<h5>Beneficios: <\/h5>\n<p>Estimula la circulaci\u00f3n sangu\u00ednea en el cuero cabelludo, oxigena el bulbo piloso y fortalece la fibra capilar, deteniendo as\u00ed la ca\u00edda del cabello.<\/p>\n<h5>Advertencia: <\/h5>\n<p>Mantener fuera del alcance de los ni\u00f1os. En caso de contacto con los ojos enjuagar con abundante agua. De percibir alguna reacci\u00f3n desfavorable suspender su uso. Este producto no est\u00e1 formulado para su uso en ni\u00f1os.<\/p>\n","protected":false},"excerpt":{"rendered":"<p>La loci\u00f3n T\u00f3nica Capilar Concentrada Ortiga de Capilatis ayuda a detener la ca\u00edda y a estimular el crecimiento del cabello<\/p>\n","protected":false},"featured_media":11103,"comment_status":"open","ping_status":"closed","template":"","meta":[],"product_brand":[],"product_cat":[237,152],"product_tag":[],"class_list":{"0":"post-17617","1":"product","2":"type-product","3":"status-publish","4":"has-post-thumbnail","6":"product_cat-belleza","7":"product_cat-cuidado-personal","9":"first","10":"instock","11":"shipping-taxable","12":"purchasable","13":"product-type-simple"},"_links":{"self":[{"href":"https:\/\/farmaciadagostino.com.ar\/sitio\/wp-json\/wp\/v2\/product\/17617","targetHints":{"allow":["GET"]}}],"collection":[{"href":"https:\/\/farmaciadagostino.com.ar\/sitio\/wp-json\/wp\/v2\/product"}],"about":[{"href":"https:\/\/farmaciadagostino.com.ar\/sitio\/wp-json\/wp\/v2\/types\/product"}],"replies":[{"embeddable":true,"href":"https:\/\/farmaciadagostino.com.ar\/sitio\/wp-json\/wp\/v2\/comments?post=17617"}],"wp:featuredmedia":[{"embeddable":true,"href":"https:\/\/farmaciadagostino.com.ar\/sitio\/wp-json\/wp\/v2\/media\/11103"}],"wp:attachment":[{"href":"https:\/\/farmaciadagostino.com.ar\/sitio\/wp-json\/wp\/v2\/media?parent=17617"}],"wp:term":[{"taxonomy":"product_brand","embeddable":true,"href":"https:\/\/farmaciadagostino.com.ar\/sitio\/wp-json\/wp\/v2\/product_brand?post=17617"},{"taxonomy":"product_cat","embeddable":true,"href":"https:\/\/farmaciadagostino.com.ar\/sitio\/wp-json\/wp\/v2\/product_cat?post=17617"},{"taxonomy":"product_tag","embeddable":true,"href":"https:\/\/farmaciadagostino.com.ar\/sitio\/wp-json\/wp\/v2\/product_tag?post=17617"}],"curies":[{"name":"wp","href":"https:\/\/api.w.org\/{rel}","templated":true}]}}