{"id":17621,"date":"2024-07-01T23:54:55","date_gmt":"2024-07-02T02:54:55","guid":{"rendered":"https:\/\/farmaciadagostino.com.ar\/sitio\/?post_type=product&#038;p=17621"},"modified":"2026-03-09T10:10:51","modified_gmt":"2026-03-09T13:10:51","slug":"capilatis-mascarilla-con-keratina-linea-keratina-vegetal-170-gr","status":"publish","type":"product","link":"https:\/\/farmaciadagostino.com.ar\/sitio\/producto\/capilatis-mascarilla-con-keratina-linea-keratina-vegetal-170-gr\/","title":{"rendered":"Capilatis Mascarilla Con Keratina L\u00ednea Keratina Vegetal 170 gr"},"content":{"rendered":"<h5>Nombre<\/h5>\n<p>Tratamiento Capilatis Hair Therapy pelo con da\u00f1o extremo nutrici\u00f3n profunda con Keratina x 170 gr<\/p>\n<h5>Descripci\u00f3n<\/h5>\n<p>Mascarilla de nutrici\u00f3n intensa e inmediata que repara da\u00f1os severos de cabellos castigados y d\u00e9biles. Tratamiento semanal que recupera el cabello devolvi\u00e9ndole el cuerpo y el brillo deseado. Ayuda a controlar el frizz y a mantener el alisado del cabello por m\u00e1s tiempo.<\/p>\n","protected":false},"excerpt":{"rendered":"<p>NombreTratamiento Capilatis Hair Therapy pelo con da\u00f1o extremo nutrici\u00f3n profunda con Keratina x 170 grDescripci\u00f3nMascarilla de nutrici\u00f3n intensa e inmediata que repara da\u00f1os severos de cabellos castigados y d\u00e9biles<\/p>\n","protected":false},"featured_media":11149,"comment_status":"open","ping_status":"closed","template":"","meta":[],"product_brand":[],"product_cat":[237,152],"product_tag":[],"class_list":{"0":"post-17621","1":"product","2":"type-product","3":"status-publish","4":"has-post-thumbnail","6":"product_cat-belleza","7":"product_cat-cuidado-personal","9":"first","10":"instock","11":"shipping-taxable","12":"purchasable","13":"product-type-simple"},"_links":{"self":[{"href":"https:\/\/farmaciadagostino.com.ar\/sitio\/wp-json\/wp\/v2\/product\/17621","targetHints":{"allow":["GET"]}}],"collection":[{"href":"https:\/\/farmaciadagostino.com.ar\/sitio\/wp-json\/wp\/v2\/product"}],"about":[{"href":"https:\/\/farmaciadagostino.com.ar\/sitio\/wp-json\/wp\/v2\/types\/product"}],"replies":[{"embeddable":true,"href":"https:\/\/farmaciadagostino.com.ar\/sitio\/wp-json\/wp\/v2\/comments?post=17621"}],"wp:featuredmedia":[{"embeddable":true,"href":"https:\/\/farmaciadagostino.com.ar\/sitio\/wp-json\/wp\/v2\/media\/11149"}],"wp:attachment":[{"href":"https:\/\/farmaciadagostino.com.ar\/sitio\/wp-json\/wp\/v2\/media?parent=17621"}],"wp:term":[{"taxonomy":"product_brand","embeddable":true,"href":"https:\/\/farmaciadagostino.com.ar\/sitio\/wp-json\/wp\/v2\/product_brand?post=17621"},{"taxonomy":"product_cat","embeddable":true,"href":"https:\/\/farmaciadagostino.com.ar\/sitio\/wp-json\/wp\/v2\/product_cat?post=17621"},{"taxonomy":"product_tag","embeddable":true,"href":"https:\/\/farmaciadagostino.com.ar\/sitio\/wp-json\/wp\/v2\/product_tag?post=17621"}],"curies":[{"name":"wp","href":"https:\/\/api.w.org\/{rel}","templated":true}]}}