{"id":17630,"date":"2024-07-01T23:55:00","date_gmt":"2024-07-02T02:55:00","guid":{"rendered":"https:\/\/farmaciadagostino.com.ar\/sitio\/?post_type=product&#038;p=17630"},"modified":"2026-03-09T10:10:51","modified_gmt":"2026-03-09T13:10:51","slug":"mascara-capilar-dove-1-minuto-ritual-de-fortalecimiento-x-300-g","status":"publish","type":"product","link":"https:\/\/farmaciadagostino.com.ar\/sitio\/producto\/mascara-capilar-dove-1-minuto-ritual-de-fortalecimiento-x-300-g\/","title":{"rendered":"M\u00e1scara Capilar Dove 1 minuto Ritual de Fortalecimiento x 300 g"},"content":{"rendered":"<p>M\u00e1scara capilar con palta y \u00f3leo de jojoba. <\/p>\n<h5>Beneficios:<\/h5>\n<p> Nutre y fortelece el cabello, reduciendo la ca\u00edda desde le primer uso. <\/p>\n","protected":false},"excerpt":{"rendered":"<p>M\u00e1scara capilar con palta y \u00f3leo de jojoba<\/p>\n","protected":false},"featured_media":13533,"comment_status":"open","ping_status":"closed","template":"","meta":[],"product_brand":[],"product_cat":[237,262,162,264],"product_tag":[],"class_list":{"0":"post-17630","1":"product","2":"type-product","3":"status-publish","4":"has-post-thumbnail","6":"product_cat-belleza","7":"product_cat-promo","8":"product_cat-dermocosmetica","9":"product_cat-ofertas","11":"first","12":"instock","13":"sale","14":"shipping-taxable","15":"purchasable","16":"product-type-simple"},"_links":{"self":[{"href":"https:\/\/farmaciadagostino.com.ar\/sitio\/wp-json\/wp\/v2\/product\/17630","targetHints":{"allow":["GET"]}}],"collection":[{"href":"https:\/\/farmaciadagostino.com.ar\/sitio\/wp-json\/wp\/v2\/product"}],"about":[{"href":"https:\/\/farmaciadagostino.com.ar\/sitio\/wp-json\/wp\/v2\/types\/product"}],"replies":[{"embeddable":true,"href":"https:\/\/farmaciadagostino.com.ar\/sitio\/wp-json\/wp\/v2\/comments?post=17630"}],"wp:featuredmedia":[{"embeddable":true,"href":"https:\/\/farmaciadagostino.com.ar\/sitio\/wp-json\/wp\/v2\/media\/13533"}],"wp:attachment":[{"href":"https:\/\/farmaciadagostino.com.ar\/sitio\/wp-json\/wp\/v2\/media?parent=17630"}],"wp:term":[{"taxonomy":"product_brand","embeddable":true,"href":"https:\/\/farmaciadagostino.com.ar\/sitio\/wp-json\/wp\/v2\/product_brand?post=17630"},{"taxonomy":"product_cat","embeddable":true,"href":"https:\/\/farmaciadagostino.com.ar\/sitio\/wp-json\/wp\/v2\/product_cat?post=17630"},{"taxonomy":"product_tag","embeddable":true,"href":"https:\/\/farmaciadagostino.com.ar\/sitio\/wp-json\/wp\/v2\/product_tag?post=17630"}],"curies":[{"name":"wp","href":"https:\/\/api.w.org\/{rel}","templated":true}]}}