{"id":17632,"date":"2024-07-01T23:55:00","date_gmt":"2024-07-02T02:55:00","guid":{"rendered":"https:\/\/farmaciadagostino.com.ar\/sitio\/?post_type=product&#038;p=17632"},"modified":"2026-03-09T10:18:55","modified_gmt":"2026-03-09T13:18:55","slug":"crema-de-tratamiento-elvive-hidra-hialuronico-x-300-g","status":"publish","type":"product","link":"https:\/\/farmaciadagostino.com.ar\/sitio\/producto\/crema-de-tratamiento-elvive-hidra-hialuronico-x-300-g\/","title":{"rendered":"Crema de Tratamiento Elvive Hidra Hialur\u00f3nico x 300 g"},"content":{"rendered":"<p>La crema de tratamiento con \u00c1cido Hialur\u00f3nico y sin sal, recarga la fibra con una hidrataci\u00f3n intensa para un transformaci\u00f3n instant\u00e1nea. Cabello intensamente hidratado, sin dejarlo pesado. Suavidad y billo intenso. Elvive Hidra Hialur\u00f3nico para cabello deshidratado.<\/p>\n<h5>Descripci\u00f3n:<\/h5>\n<p>1. 4x m\u00e1s hidrataci\u00f3n.<\/p>\n<p>2. Cabello ligero y frizz bajo control.<\/p>\n<p>3. Suavidad y brillo intenso.<\/p>\n<h5>Modo de uso:<\/h5>\n<p> Aplicar sobre el cabello lavado y h\u00famedo una cantidad suficiente para cubrir de medios a puntas. Dejar actuar 2-3 minutos y enjuagar.<\/p>\n","protected":false},"excerpt":{"rendered":"<p>La crema de tratamiento con \u00c1cido Hialur\u00f3nico y sin sal, recarga la fibra con una hidrataci\u00f3n intensa para un transformaci\u00f3n instant\u00e1nea<\/p>\n","protected":false},"featured_media":9715,"comment_status":"open","ping_status":"closed","template":"","meta":[],"product_brand":[],"product_cat":[237,152],"product_tag":[],"class_list":{"0":"post-17632","1":"product","2":"type-product","3":"status-publish","4":"has-post-thumbnail","6":"product_cat-belleza","7":"product_cat-cuidado-personal","9":"first","10":"instock","11":"shipping-taxable","12":"purchasable","13":"product-type-simple"},"_links":{"self":[{"href":"https:\/\/farmaciadagostino.com.ar\/sitio\/wp-json\/wp\/v2\/product\/17632","targetHints":{"allow":["GET"]}}],"collection":[{"href":"https:\/\/farmaciadagostino.com.ar\/sitio\/wp-json\/wp\/v2\/product"}],"about":[{"href":"https:\/\/farmaciadagostino.com.ar\/sitio\/wp-json\/wp\/v2\/types\/product"}],"replies":[{"embeddable":true,"href":"https:\/\/farmaciadagostino.com.ar\/sitio\/wp-json\/wp\/v2\/comments?post=17632"}],"wp:featuredmedia":[{"embeddable":true,"href":"https:\/\/farmaciadagostino.com.ar\/sitio\/wp-json\/wp\/v2\/media\/9715"}],"wp:attachment":[{"href":"https:\/\/farmaciadagostino.com.ar\/sitio\/wp-json\/wp\/v2\/media?parent=17632"}],"wp:term":[{"taxonomy":"product_brand","embeddable":true,"href":"https:\/\/farmaciadagostino.com.ar\/sitio\/wp-json\/wp\/v2\/product_brand?post=17632"},{"taxonomy":"product_cat","embeddable":true,"href":"https:\/\/farmaciadagostino.com.ar\/sitio\/wp-json\/wp\/v2\/product_cat?post=17632"},{"taxonomy":"product_tag","embeddable":true,"href":"https:\/\/farmaciadagostino.com.ar\/sitio\/wp-json\/wp\/v2\/product_tag?post=17632"}],"curies":[{"name":"wp","href":"https:\/\/api.w.org\/{rel}","templated":true}]}}