{"id":17654,"date":"2024-07-01T23:55:06","date_gmt":"2024-07-02T02:55:06","guid":{"rendered":"https:\/\/farmaciadagostino.com.ar\/sitio\/?post_type=product&#038;p=17654"},"modified":"2026-03-09T10:10:51","modified_gmt":"2026-03-09T13:10:51","slug":"sedal-mascara-de-tratamiento-colageno-vitamina-c-300-gr","status":"publish","type":"product","link":"https:\/\/farmaciadagostino.com.ar\/sitio\/producto\/sedal-mascara-de-tratamiento-colageno-vitamina-c-300-gr\/","title":{"rendered":"Sedal M\u00e1scara de Tratamiento Col\u00e1geno + Vitamina C 300 gr"},"content":{"rendered":"<p>Descubre los ingredientes expertos en el cuidado de la piel, \u00a1ahora en tu pelo!, con la nueva m\u00e1scara de tratamiento para el cabello Sedal Care+ Col\u00e1geno + Vitamina C. Su exclusiva f\u00f3rmula nutre profundamente y regenera las fibras debilitadas del cabello, logrando un pelo m\u00e1s suave y con una luminosidad incre\u00edble* El Col\u00e1geno es una prote\u00edna conocida por aportar firmeza. Ayuda a la regeneraci\u00f3n de las fibras de cabello debilitadas. Mientras que la Vitamina C es conocida por ser un fuerte antioxidante, protector de agentes externos y esencial para la producci\u00f3n de col\u00e1geno. Este tratamiento para el pelo aporta suavidad, fuerza y brillo. <\/p>\n<p>Modo de uso: Luego del lavado, aplique homog\u00e9neamente a lo largo del cabello hasta las puntas la crema de tratamiento para el pelo SEDAL. Masajee y espere 3 minutos. Enjuague. Advertencias: Mantener en lugar fresco, al resguardo de la luz intensa y fuera del alcance de los ni\u00f1os. No ingerir. Evite el contacto con los ojos. En caso de contacto accidental, enju\u00e1guelos con abundante agua fr\u00eda. Discontinuar su uso si aparecen s\u00edntomas de irritaci\u00f3n u otra reacci\u00f3n desfavorable. \u00a1Atrevete y us\u00e1 la l\u00ednea completa de productos para el cabello SEDAL Col\u00e1geno + Vitamina C: shampoo, acondicionador y m\u00e1scara de tratamiento! Los productos para el pelo SEDAL tiene certificaci\u00f3n PETA: Globalmente, Sedal no testea en animales. Conoc\u00e9 tambi\u00e9n las m\u00e1scaras capilares SEDAL Prebi\u00f3ticos + Biotina y SEDAL Hialur\u00f3nico y Vitamina A.                                                                                                                                                                                                                                                                                                                                                                           *Regeneraci\u00f3n de la suavidad, brillo y fuerza debido al quiebre, con el uso de la l\u00ednea completa.<\/p>\n","protected":false},"excerpt":{"rendered":"<p>Descubre los ingredientes expertos en el cuidado de la piel, \u00a1ahora en tu pelo!, con la nueva m\u00e1scara de tratamiento para el cabello Sedal Care+ Col\u00e1geno + Vitamina C<\/p>\n","protected":false},"featured_media":10808,"comment_status":"open","ping_status":"closed","template":"","meta":[],"product_brand":[],"product_cat":[237,152],"product_tag":[],"class_list":{"0":"post-17654","1":"product","2":"type-product","3":"status-publish","4":"has-post-thumbnail","6":"product_cat-belleza","7":"product_cat-cuidado-personal","9":"first","10":"instock","11":"shipping-taxable","12":"purchasable","13":"product-type-simple"},"_links":{"self":[{"href":"https:\/\/farmaciadagostino.com.ar\/sitio\/wp-json\/wp\/v2\/product\/17654","targetHints":{"allow":["GET"]}}],"collection":[{"href":"https:\/\/farmaciadagostino.com.ar\/sitio\/wp-json\/wp\/v2\/product"}],"about":[{"href":"https:\/\/farmaciadagostino.com.ar\/sitio\/wp-json\/wp\/v2\/types\/product"}],"replies":[{"embeddable":true,"href":"https:\/\/farmaciadagostino.com.ar\/sitio\/wp-json\/wp\/v2\/comments?post=17654"}],"wp:featuredmedia":[{"embeddable":true,"href":"https:\/\/farmaciadagostino.com.ar\/sitio\/wp-json\/wp\/v2\/media\/10808"}],"wp:attachment":[{"href":"https:\/\/farmaciadagostino.com.ar\/sitio\/wp-json\/wp\/v2\/media?parent=17654"}],"wp:term":[{"taxonomy":"product_brand","embeddable":true,"href":"https:\/\/farmaciadagostino.com.ar\/sitio\/wp-json\/wp\/v2\/product_brand?post=17654"},{"taxonomy":"product_cat","embeddable":true,"href":"https:\/\/farmaciadagostino.com.ar\/sitio\/wp-json\/wp\/v2\/product_cat?post=17654"},{"taxonomy":"product_tag","embeddable":true,"href":"https:\/\/farmaciadagostino.com.ar\/sitio\/wp-json\/wp\/v2\/product_tag?post=17654"}],"curies":[{"name":"wp","href":"https:\/\/api.w.org\/{rel}","templated":true}]}}