{"id":17655,"date":"2024-07-01T23:55:07","date_gmt":"2024-07-02T02:55:07","guid":{"rendered":"https:\/\/farmaciadagostino.com.ar\/sitio\/?post_type=product&#038;p=17655"},"modified":"2026-03-09T10:18:55","modified_gmt":"2026-03-09T13:18:55","slug":"sedal-mascara-de-tratamiento-hialuronico-vitamina-a-300-gr","status":"publish","type":"product","link":"https:\/\/farmaciadagostino.com.ar\/sitio\/producto\/sedal-mascara-de-tratamiento-hialuronico-vitamina-a-300-gr\/","title":{"rendered":"Sedal M\u00e1scara de Tratamiento Hialur\u00f3nico + Vitamina a 300 gr"},"content":{"rendered":"<p>Descubre los ingredientes expertos en el cuidado de la piel, \u00a1ahora en tu pelo!, con la nueva m\u00e1scara de tratamiento para el cabello Sedal Care+ Hialur\u00f3nico + Vitamina A. Su exclusiva f\u00f3rmula con alto poder hidratante, nutre profundamente el cabello reseco y deshidratado ayudando a que no se infle y se vea saludable*. El \u00c1cido Hialur\u00f3nico es un ingrediente conocido por aportar hidrataci\u00f3n profunda. Mientras que la Vitamina A es conocida por promover la producci\u00f3n de col\u00e1geno.<br \/>\n Este tratamiento para el pelo aporta hidrataci\u00f3n y ayuda a controlar el frizz de tu cabello. Modo de uso: Luego del lavado, aplique homog\u00e9neamente a lo largo del cabello hasta las puntas la crema para el pelo SEDAL. Masajee y espere 3 minutos. Enjuague. Advertencias: Mantener en lugar fresco, al resguardo de la luz intensa y fuera del alcance de los ni\u00f1os. No ingerir. Evite el contacto con los ojos. En caso de contacto accidental, enju\u00e1guelos con abundante agua fr\u00eda. Discontinuar su uso si aparecen s\u00edntomas de irritaci\u00f3n u otra reacci\u00f3n desfavorable. \u00a1Atrevete y us\u00e1 la l\u00ednea completa de productos para el cabello SEDAL Hialur\u00f3nico + Vitamina A: shampoo, acondicionador, m\u00e1scara de tratamiento y crema para peinar! Los productos para el pelo SEDAL tiene certificaci\u00f3n PETA: Globalmente, Sedal no testea en animales. Conoc\u00e9 tambi\u00e9n las m\u00e1scaras capilares SEDAL Prebi\u00f3ticos + Biotina y SEDAL Col\u00e1geno + Vitamina C.                                                                                                                                                                                                                                                                                                                                                                          *Con el uso de la l\u00ednea completa.<\/p>\n","protected":false},"excerpt":{"rendered":"<p>Descubre los ingredientes expertos en el cuidado de la piel, \u00a1ahora en tu pelo!, con la nueva m\u00e1scara de tratamiento para el cabello Sedal Care+ Hialur\u00f3nico + Vitamina A<\/p>\n","protected":false},"featured_media":10814,"comment_status":"open","ping_status":"closed","template":"","meta":[],"product_brand":[],"product_cat":[237,152],"product_tag":[],"class_list":{"0":"post-17655","1":"product","2":"type-product","3":"status-publish","4":"has-post-thumbnail","6":"product_cat-belleza","7":"product_cat-cuidado-personal","9":"first","10":"instock","11":"shipping-taxable","12":"purchasable","13":"product-type-simple"},"_links":{"self":[{"href":"https:\/\/farmaciadagostino.com.ar\/sitio\/wp-json\/wp\/v2\/product\/17655","targetHints":{"allow":["GET"]}}],"collection":[{"href":"https:\/\/farmaciadagostino.com.ar\/sitio\/wp-json\/wp\/v2\/product"}],"about":[{"href":"https:\/\/farmaciadagostino.com.ar\/sitio\/wp-json\/wp\/v2\/types\/product"}],"replies":[{"embeddable":true,"href":"https:\/\/farmaciadagostino.com.ar\/sitio\/wp-json\/wp\/v2\/comments?post=17655"}],"wp:featuredmedia":[{"embeddable":true,"href":"https:\/\/farmaciadagostino.com.ar\/sitio\/wp-json\/wp\/v2\/media\/10814"}],"wp:attachment":[{"href":"https:\/\/farmaciadagostino.com.ar\/sitio\/wp-json\/wp\/v2\/media?parent=17655"}],"wp:term":[{"taxonomy":"product_brand","embeddable":true,"href":"https:\/\/farmaciadagostino.com.ar\/sitio\/wp-json\/wp\/v2\/product_brand?post=17655"},{"taxonomy":"product_cat","embeddable":true,"href":"https:\/\/farmaciadagostino.com.ar\/sitio\/wp-json\/wp\/v2\/product_cat?post=17655"},{"taxonomy":"product_tag","embeddable":true,"href":"https:\/\/farmaciadagostino.com.ar\/sitio\/wp-json\/wp\/v2\/product_tag?post=17655"}],"curies":[{"name":"wp","href":"https:\/\/api.w.org\/{rel}","templated":true}]}}