{"id":17656,"date":"2024-07-01T23:55:08","date_gmt":"2024-07-02T02:55:08","guid":{"rendered":"https:\/\/farmaciadagostino.com.ar\/sitio\/?post_type=product&#038;p=17656"},"modified":"2026-03-09T10:25:56","modified_gmt":"2026-03-09T13:25:56","slug":"sedal-mascara-prebioticos-biotina-300-ml","status":"publish","type":"product","link":"https:\/\/farmaciadagostino.com.ar\/sitio\/producto\/sedal-mascara-prebioticos-biotina-300-ml\/","title":{"rendered":"Sedal Mascara Prebioticos + Biotina 300 ml"},"content":{"rendered":"<p>\u00bfT\u00fa pelo se ve fr\u00e1gil, quebradizo y se cae? \u00a1Prueba la nueva m\u00e1scara de tratamiento para el cabello Sedal Prebi\u00f3ticos + Biotina! Su exclusiva f\u00f3rmula brinda una nutrici\u00f3n profunda, ayudando a fortalecer las fibras capilares debilitadas y a reducir la ca\u00edda*. Los prebi\u00f3ticos son conocidos por ayudar a mejorar la salud y bienestar general de la piel del cuero cabelludo. Mientras que la Biotina es conocida por ayudar al crecimiento saludable y fuerte del cabello. Este tratamiento para el pelo aporta nutrici\u00f3n y fuerza a tu cabello. *Ca\u00edda debido al quiebre con el uso de la M\u00e1scara Fortalecedora.<\/p>\n","protected":false},"excerpt":{"rendered":"<p>\u00bfT\u00fa pelo se ve fr\u00e1gil, quebradizo y se cae? \u00a1Prueba la nueva m\u00e1scara de tratamiento para el cabello Sedal Prebi\u00f3ticos + Biotina! Su exclusiva f\u00f3rmula brinda una nutrici\u00f3n profunda, ayudando a fortalecer las fibras capilares debilitadas y a reducir la ca\u00edda*<\/p>\n","protected":false},"featured_media":10802,"comment_status":"open","ping_status":"closed","template":"","meta":[],"product_brand":[],"product_cat":[237,152],"product_tag":[],"class_list":{"0":"post-17656","1":"product","2":"type-product","3":"status-publish","4":"has-post-thumbnail","6":"product_cat-belleza","7":"product_cat-cuidado-personal","9":"first","10":"instock","11":"shipping-taxable","12":"purchasable","13":"product-type-simple"},"_links":{"self":[{"href":"https:\/\/farmaciadagostino.com.ar\/sitio\/wp-json\/wp\/v2\/product\/17656","targetHints":{"allow":["GET"]}}],"collection":[{"href":"https:\/\/farmaciadagostino.com.ar\/sitio\/wp-json\/wp\/v2\/product"}],"about":[{"href":"https:\/\/farmaciadagostino.com.ar\/sitio\/wp-json\/wp\/v2\/types\/product"}],"replies":[{"embeddable":true,"href":"https:\/\/farmaciadagostino.com.ar\/sitio\/wp-json\/wp\/v2\/comments?post=17656"}],"wp:featuredmedia":[{"embeddable":true,"href":"https:\/\/farmaciadagostino.com.ar\/sitio\/wp-json\/wp\/v2\/media\/10802"}],"wp:attachment":[{"href":"https:\/\/farmaciadagostino.com.ar\/sitio\/wp-json\/wp\/v2\/media?parent=17656"}],"wp:term":[{"taxonomy":"product_brand","embeddable":true,"href":"https:\/\/farmaciadagostino.com.ar\/sitio\/wp-json\/wp\/v2\/product_brand?post=17656"},{"taxonomy":"product_cat","embeddable":true,"href":"https:\/\/farmaciadagostino.com.ar\/sitio\/wp-json\/wp\/v2\/product_cat?post=17656"},{"taxonomy":"product_tag","embeddable":true,"href":"https:\/\/farmaciadagostino.com.ar\/sitio\/wp-json\/wp\/v2\/product_tag?post=17656"}],"curies":[{"name":"wp","href":"https:\/\/api.w.org\/{rel}","templated":true}]}}