{"id":17657,"date":"2024-07-01T23:55:08","date_gmt":"2024-07-02T02:55:08","guid":{"rendered":"https:\/\/farmaciadagostino.com.ar\/sitio\/?post_type=product&#038;p=17657"},"modified":"2026-03-09T10:10:51","modified_gmt":"2026-03-09T13:10:51","slug":"tio-nacho-crema-para-peinar-anti-dano-reparacion-profunda-200-ml","status":"publish","type":"product","link":"https:\/\/farmaciadagostino.com.ar\/sitio\/producto\/tio-nacho-crema-para-peinar-anti-dano-reparacion-profunda-200-ml\/","title":{"rendered":"Tio Nacho Crema Para Peinar Anti Da\u00f1o Reparaci\u00f3n Profunda 200 ml"},"content":{"rendered":"<p>Crema para peinar T\u00edo Nacho Anti-Da\u00f1o, gracias a la combinaci\u00f3n de jalea real y aloe vera 100% org\u00e1nico, ofrece un tratamiento de reparaci\u00f3n intensa para el pelo da\u00f1ado desde el primer uso.<\/p>\n<h5>Beneficios:<\/h5>\n<p>-REPARACI\u00d3N PROFUNDA: Un tratamiento completo de reparaci\u00f3n intensa para el cabello da\u00f1ado con ingredientes de origen natural.<\/p>\n<p>&#8211; ANTI-DA\u00d1O: Tu pelo reparado, suave, manejable, con brillo y con aspecto saludable, de la ra\u00edz a las puntas.<\/p>\n<p>&#8211; REALMENTE NATURAL: Protege y repara tu pelo sin necesidad de tantos qu\u00edmicos. T\u00edo Nacho Anti-Da\u00f1o Aloe Vera contiene 96% de ingredientes naturales y est\u00e1 libre de parabenos y sal.<\/p>\n<p>&#8211; REALMENTE NATURAL: Protege y repara tu cabello sin necesidad de tantos qu\u00edmicos. T\u00edo Nacho Anti-Da\u00f1o Aloe Vera contiene ingredientes 100% naturales y est\u00e1 libre de parabenos.<\/p>\n<h5>Modo de Uso:<\/h5>\n<p>USO DIARIO.Luego del lavado con el Shampoo y el Acondicionador T\u00edo Nacho Aloe, aplica una cantidad suficiente sobre el cabello h\u00famedo, de medios a puntas. No requiere enjuague.<\/p>\n<h5>Presentaci\u00f3n:<\/h5>\n<p>250 ml.<\/p>\n","protected":false},"excerpt":{"rendered":"<p>Crema para peinar T\u00edo Nacho Anti-Da\u00f1o, gracias a la combinaci\u00f3n de jalea real y aloe vera 100% org\u00e1nico, ofrece un tratamiento de reparaci\u00f3n intensa para el pelo da\u00f1ado desde el primer uso<\/p>\n","protected":false},"featured_media":12641,"comment_status":"open","ping_status":"closed","template":"","meta":[],"product_brand":[],"product_cat":[237,152],"product_tag":[],"class_list":{"0":"post-17657","1":"product","2":"type-product","3":"status-publish","4":"has-post-thumbnail","6":"product_cat-belleza","7":"product_cat-cuidado-personal","9":"first","10":"instock","11":"shipping-taxable","12":"purchasable","13":"product-type-simple"},"_links":{"self":[{"href":"https:\/\/farmaciadagostino.com.ar\/sitio\/wp-json\/wp\/v2\/product\/17657","targetHints":{"allow":["GET"]}}],"collection":[{"href":"https:\/\/farmaciadagostino.com.ar\/sitio\/wp-json\/wp\/v2\/product"}],"about":[{"href":"https:\/\/farmaciadagostino.com.ar\/sitio\/wp-json\/wp\/v2\/types\/product"}],"replies":[{"embeddable":true,"href":"https:\/\/farmaciadagostino.com.ar\/sitio\/wp-json\/wp\/v2\/comments?post=17657"}],"wp:featuredmedia":[{"embeddable":true,"href":"https:\/\/farmaciadagostino.com.ar\/sitio\/wp-json\/wp\/v2\/media\/12641"}],"wp:attachment":[{"href":"https:\/\/farmaciadagostino.com.ar\/sitio\/wp-json\/wp\/v2\/media?parent=17657"}],"wp:term":[{"taxonomy":"product_brand","embeddable":true,"href":"https:\/\/farmaciadagostino.com.ar\/sitio\/wp-json\/wp\/v2\/product_brand?post=17657"},{"taxonomy":"product_cat","embeddable":true,"href":"https:\/\/farmaciadagostino.com.ar\/sitio\/wp-json\/wp\/v2\/product_cat?post=17657"},{"taxonomy":"product_tag","embeddable":true,"href":"https:\/\/farmaciadagostino.com.ar\/sitio\/wp-json\/wp\/v2\/product_tag?post=17657"}],"curies":[{"name":"wp","href":"https:\/\/api.w.org\/{rel}","templated":true}]}}