{"id":17663,"date":"2024-07-01T23:55:12","date_gmt":"2024-07-02T02:55:12","guid":{"rendered":"https:\/\/farmaciadagostino.com.ar\/sitio\/?post_type=product&#038;p=17663"},"modified":"2026-03-09T10:10:51","modified_gmt":"2026-03-09T13:10:51","slug":"zona-libre-locion-piojos-y-liendres-60-ml","status":"publish","type":"product","link":"https:\/\/farmaciadagostino.com.ar\/sitio\/producto\/zona-libre-locion-piojos-y-liendres-60-ml\/","title":{"rendered":"Zona Libre Loci\u00f3n Piojos Y Liendres 60 ml"},"content":{"rendered":"<p>Laboratorios Exelentia desarroll\u00f3 una f\u00f3rmula anti piojos llamada Zona Libre de liendres y piojos. Est\u00e1 reforzada con Farmacapil, que los ahoga en 30 segundos. Libre de insecticidas, elimina inmovilizando y asfixiando.<\/p>\n<h5>Modo de Uso:<\/h5>\n<p>Se aconseja lavar el cabello en forma normal. Secar con toalla. Aplicar la loci\u00f3n, masajeando y humectando el cuero cabelludo. Dejar actuar 30 minutos, pasar el peine fino. No enjuagar. Recomdamos dejar actuar durante la noche.<\/p>\n","protected":false},"excerpt":{"rendered":"<p>Laboratorios Exelentia desarroll\u00f3 una f\u00f3rmula anti piojos llamada Zona Libre de liendres y piojos<\/p>\n","protected":false},"featured_media":19483,"comment_status":"open","ping_status":"closed","template":"","meta":[],"product_brand":[],"product_cat":[152,149],"product_tag":[],"class_list":{"0":"post-17663","1":"product","2":"type-product","3":"status-publish","4":"has-post-thumbnail","6":"product_cat-cuidado-personal","7":"product_cat-farmacia","9":"first","10":"instock","11":"shipping-taxable","12":"purchasable","13":"product-type-simple"},"_links":{"self":[{"href":"https:\/\/farmaciadagostino.com.ar\/sitio\/wp-json\/wp\/v2\/product\/17663","targetHints":{"allow":["GET"]}}],"collection":[{"href":"https:\/\/farmaciadagostino.com.ar\/sitio\/wp-json\/wp\/v2\/product"}],"about":[{"href":"https:\/\/farmaciadagostino.com.ar\/sitio\/wp-json\/wp\/v2\/types\/product"}],"replies":[{"embeddable":true,"href":"https:\/\/farmaciadagostino.com.ar\/sitio\/wp-json\/wp\/v2\/comments?post=17663"}],"wp:featuredmedia":[{"embeddable":true,"href":"https:\/\/farmaciadagostino.com.ar\/sitio\/wp-json\/wp\/v2\/media\/19483"}],"wp:attachment":[{"href":"https:\/\/farmaciadagostino.com.ar\/sitio\/wp-json\/wp\/v2\/media?parent=17663"}],"wp:term":[{"taxonomy":"product_brand","embeddable":true,"href":"https:\/\/farmaciadagostino.com.ar\/sitio\/wp-json\/wp\/v2\/product_brand?post=17663"},{"taxonomy":"product_cat","embeddable":true,"href":"https:\/\/farmaciadagostino.com.ar\/sitio\/wp-json\/wp\/v2\/product_cat?post=17663"},{"taxonomy":"product_tag","embeddable":true,"href":"https:\/\/farmaciadagostino.com.ar\/sitio\/wp-json\/wp\/v2\/product_tag?post=17663"}],"curies":[{"name":"wp","href":"https:\/\/api.w.org\/{rel}","templated":true}]}}