{"id":17665,"date":"2024-07-01T23:55:12","date_gmt":"2024-07-02T02:55:12","guid":{"rendered":"https:\/\/farmaciadagostino.com.ar\/sitio\/?post_type=product&#038;p=17665"},"modified":"2026-03-09T10:25:56","modified_gmt":"2026-03-09T13:25:56","slug":"tresemme-tratamiento-reparacion-intra-capilar-300-g","status":"publish","type":"product","link":"https:\/\/farmaciadagostino.com.ar\/sitio\/producto\/tresemme-tratamiento-reparacion-intra-capilar-300-g\/","title":{"rendered":"Tresemme Tratamiento Reparaci\u00f3n Intra Capilar 300 g"},"content":{"rendered":"<p>La nueva M\u00e1scara de Tratamiento Tresemm\u00e9 Reparaci\u00f3n Intra Capilar est\u00e1 desarrollada con tecnolog\u00eda profesional Intra-Protein que repara e hidrata tu cabello. Esta m\u00e1scara de reparaci\u00f3n repone la masa capilar perdida, recupera fibras altamente da\u00f1adas en apenas 3 minutos. Es un tratamiento capilar indicado para fibras con da\u00f1os moderados e intensos. \u00a1La nueva m\u00e1scara de tratamiento Tresemme Reparaci\u00f3n Intra Capilar es el reparo que tu cabello necesita en casa! Ya sea que quieras reparar un cabello seco y da\u00f1ado o simplemente busques reforzar tu rutina habitual de lavado, prob\u00e1 con una crema de enjuague TRESemm\u00e9, un shampoo para restaurar el cabello y disfruta de un pelo que se siente mucho m\u00e1s hidratado, regenerado y visiblemente m\u00e1s saludable, todo en lo que tard\u00e1s en lavar y enjuagar. La nutrici\u00f3n que tu cabello necesita.<\/p>\n<p>Beneficios.<br \/>\nNueva M\u00e1scara de Tratamiento Tresemm\u00e9 Reparaci\u00f3n Intra Capilar desarrollada con tecnolog\u00eda Intra-Protein. Esta crema para el pelo repone la masa capilar p\u00e9rdida y recupera fibras altamente da\u00f1adas en apenas 3 minutos. Tratamiento capilar indicado para fibras con da\u00f1os moderados e intensos. \u00a1La m\u00e1scara de tratamiento Tresemme Reparaci\u00f3n Intra Capilar es el reparo que tu cabello necesita en casa! M\u00e1scara Capilar no testeada en animales, certificado por PETA. Calidad profesional todos los d\u00edas con los productos para el cabello Tresemm\u00e9. Tresemm\u00e9 trae las \u00faltimas tendencias de estilo y tecnolog\u00eda. \u00a1Prob\u00e1 la M\u00e1scara de Tratamiento Tresemme Reparaci\u00f3n Intra Capilar y conoc\u00e9 sus beneficios!<\/p>\n<p>Modo Uso.<br \/>\nComenz\u00e1 siempre tu lavado con el Shampoo y Acondicionador TRESemm\u00e9. Aplic\u00e1 y distribu\u00ed de manera uniforme la mascarilla capilar TRESemm\u00e9 desde la mitad del cabello hasta las puntas. Tambi\u00e9n pod\u00e9s utilizar un peine de dientes anchos o los dedos para alisar y desenredar el cabello. D\u00e9jalo actuar 3 minutos y enjuag\u00e1 bien. Para un resultado profesional utiliza la l\u00ednea completa. Tresemm\u00e9 trae las \u00faltimas tendencias de estilo y tecnolog\u00eda. PRODUCTOS SIN CRUELDAD NI TESTEOS EN ANIMALES: TRESemm\u00e9 fue reconocido por PETA, quien considera que en todos nuestros productos para el pelo no son testeados en animales y est\u00e1n libres de crueldad animal. \u00a1Prob\u00e1 la M\u00e1scara de Tratamiento Tresemme Reparaci\u00f3n Intra Capilar y conoc\u00e9 sus beneficios!<\/p>\n<p>Presentaci\u00f3n.<br \/>\n300Gr<\/p>\n","protected":false},"excerpt":{"rendered":"<p>La nueva M\u00e1scara de Tratamiento Tresemm\u00e9 Reparaci\u00f3n Intra Capilar est\u00e1 desarrollada con tecnolog\u00eda profesional Intra-Protein que repara e hidrata tu cabello<\/p>\n","protected":false},"featured_media":10851,"comment_status":"open","ping_status":"closed","template":"","meta":[],"product_brand":[],"product_cat":[237,152],"product_tag":[],"class_list":{"0":"post-17665","1":"product","2":"type-product","3":"status-publish","4":"has-post-thumbnail","6":"product_cat-belleza","7":"product_cat-cuidado-personal","9":"first","10":"instock","11":"shipping-taxable","12":"purchasable","13":"product-type-simple"},"_links":{"self":[{"href":"https:\/\/farmaciadagostino.com.ar\/sitio\/wp-json\/wp\/v2\/product\/17665","targetHints":{"allow":["GET"]}}],"collection":[{"href":"https:\/\/farmaciadagostino.com.ar\/sitio\/wp-json\/wp\/v2\/product"}],"about":[{"href":"https:\/\/farmaciadagostino.com.ar\/sitio\/wp-json\/wp\/v2\/types\/product"}],"replies":[{"embeddable":true,"href":"https:\/\/farmaciadagostino.com.ar\/sitio\/wp-json\/wp\/v2\/comments?post=17665"}],"wp:featuredmedia":[{"embeddable":true,"href":"https:\/\/farmaciadagostino.com.ar\/sitio\/wp-json\/wp\/v2\/media\/10851"}],"wp:attachment":[{"href":"https:\/\/farmaciadagostino.com.ar\/sitio\/wp-json\/wp\/v2\/media?parent=17665"}],"wp:term":[{"taxonomy":"product_brand","embeddable":true,"href":"https:\/\/farmaciadagostino.com.ar\/sitio\/wp-json\/wp\/v2\/product_brand?post=17665"},{"taxonomy":"product_cat","embeddable":true,"href":"https:\/\/farmaciadagostino.com.ar\/sitio\/wp-json\/wp\/v2\/product_cat?post=17665"},{"taxonomy":"product_tag","embeddable":true,"href":"https:\/\/farmaciadagostino.com.ar\/sitio\/wp-json\/wp\/v2\/product_tag?post=17665"}],"curies":[{"name":"wp","href":"https:\/\/api.w.org\/{rel}","templated":true}]}}