{"id":18232,"date":"2024-07-02T11:24:32","date_gmt":"2024-07-02T14:24:32","guid":{"rendered":"https:\/\/farmaciadagostino.com.ar\/sitio\/?post_type=product&#038;p=18232"},"modified":"2026-03-09T10:26:01","modified_gmt":"2026-03-09T13:26:01","slug":"nebulizador-aspen-br-cn116-piston-x-1","status":"publish","type":"product","link":"https:\/\/farmaciadagostino.com.ar\/sitio\/producto\/nebulizador-aspen-br-cn116-piston-x-1\/","title":{"rendered":"NEBULIZADOR ASPEN BR-CN116 PISTON X 1"},"content":{"rendered":"<p>El nebulizador Aspen BR-CN116 est\u00e1 indicado para diferentes afecciones respiratorias. Convierte el medicamento l\u00edquido en vapor para ser inhalado y hace que llegue directamente a las zonas afectadas provocando menores efectos secundarios y mayor eficacia. La salud de tu familia en buenas manos El nebulizador a pist\u00f3n es el dispositivo que mejor lleva a cabo el proceso de nebulizaci\u00f3n. Es ideal para afecciones como laringitis, bronquitis y asma, ya que libera micropart\u00edculas que penetran en las v\u00edas respiratorias bajas y medias en las que se encuentran las ramificaciones m\u00e1s diminutas de los bronquios. Trae accesorios Adem\u00e1s, para posibilitar su funcionamiento cuenta con boquilla, bolso, filtros, manguera, m\u00e1scara para adulto, m\u00e1scara para ni\u00f1o, tubo nasal, pipeta nebulizadora.<\/p>\n","protected":false},"excerpt":{"rendered":"<p>Aspen Nebulizador a Pist\u00f3n Br-Cn116 Blanco Ni\u00f1os Adulto 220V<\/p>\n","protected":false},"featured_media":14261,"comment_status":"open","ping_status":"closed","template":"","meta":[],"product_brand":[],"product_cat":[182],"product_tag":[],"class_list":{"0":"post-18232","1":"product","2":"type-product","3":"status-publish","4":"has-post-thumbnail","6":"product_cat-electro","8":"first","9":"instock","10":"shipping-taxable","11":"purchasable","12":"product-type-simple"},"_links":{"self":[{"href":"https:\/\/farmaciadagostino.com.ar\/sitio\/wp-json\/wp\/v2\/product\/18232","targetHints":{"allow":["GET"]}}],"collection":[{"href":"https:\/\/farmaciadagostino.com.ar\/sitio\/wp-json\/wp\/v2\/product"}],"about":[{"href":"https:\/\/farmaciadagostino.com.ar\/sitio\/wp-json\/wp\/v2\/types\/product"}],"replies":[{"embeddable":true,"href":"https:\/\/farmaciadagostino.com.ar\/sitio\/wp-json\/wp\/v2\/comments?post=18232"}],"wp:featuredmedia":[{"embeddable":true,"href":"https:\/\/farmaciadagostino.com.ar\/sitio\/wp-json\/wp\/v2\/media\/14261"}],"wp:attachment":[{"href":"https:\/\/farmaciadagostino.com.ar\/sitio\/wp-json\/wp\/v2\/media?parent=18232"}],"wp:term":[{"taxonomy":"product_brand","embeddable":true,"href":"https:\/\/farmaciadagostino.com.ar\/sitio\/wp-json\/wp\/v2\/product_brand?post=18232"},{"taxonomy":"product_cat","embeddable":true,"href":"https:\/\/farmaciadagostino.com.ar\/sitio\/wp-json\/wp\/v2\/product_cat?post=18232"},{"taxonomy":"product_tag","embeddable":true,"href":"https:\/\/farmaciadagostino.com.ar\/sitio\/wp-json\/wp\/v2\/product_tag?post=18232"}],"curies":[{"name":"wp","href":"https:\/\/api.w.org\/{rel}","templated":true}]}}