{"id":18251,"date":"2024-07-02T11:24:35","date_gmt":"2024-07-02T14:24:35","guid":{"rendered":"https:\/\/farmaciadagostino.com.ar\/sitio\/?post_type=product&#038;p=18251"},"modified":"2026-03-09T10:26:01","modified_gmt":"2026-03-09T13:26:01","slug":"perpiel-mama-cr-x-100-gr","status":"publish","type":"product","link":"https:\/\/farmaciadagostino.com.ar\/sitio\/producto\/perpiel-mama-cr-x-100-gr\/","title":{"rendered":"PERPIEL MAMA CR X 100 GR"},"content":{"rendered":"<p>PERPIEL MAMA CREMA X 100 G<\/p>\n<p>Ideal para utilizar durante el embarazo y lactancia ya que hidrata, regenera, cicatriza y desinflama las grietas de los pezones.<br \/>\nTambi\u00e9n se utiliza en forma t\u00f3pica en lesiones de piel no infectadas y eritemas leves (enrojecimiento de la piel) gracias a su acci\u00f3n cicatrizante.<\/p>\n<p>Modo de uso:<br \/>\nColocar la cantidad deseada en la palma de la mano y aplicarla en todo el cuerpo de manera uniforme con movimientos circulares preferentemente luego del ba\u00f1o.<\/p>\n","protected":false},"excerpt":{"rendered":"<p>PERPIEL MAMA CREMA X 100 G<\/p>\n","protected":false},"featured_media":14364,"comment_status":"open","ping_status":"closed","template":"","meta":[],"product_brand":[],"product_cat":[237,162],"product_tag":[],"class_list":{"0":"post-18251","1":"product","2":"type-product","3":"status-publish","4":"has-post-thumbnail","6":"product_cat-belleza","7":"product_cat-dermocosmetica","9":"first","10":"instock","11":"shipping-taxable","12":"purchasable","13":"product-type-simple"},"_links":{"self":[{"href":"https:\/\/farmaciadagostino.com.ar\/sitio\/wp-json\/wp\/v2\/product\/18251","targetHints":{"allow":["GET"]}}],"collection":[{"href":"https:\/\/farmaciadagostino.com.ar\/sitio\/wp-json\/wp\/v2\/product"}],"about":[{"href":"https:\/\/farmaciadagostino.com.ar\/sitio\/wp-json\/wp\/v2\/types\/product"}],"replies":[{"embeddable":true,"href":"https:\/\/farmaciadagostino.com.ar\/sitio\/wp-json\/wp\/v2\/comments?post=18251"}],"wp:featuredmedia":[{"embeddable":true,"href":"https:\/\/farmaciadagostino.com.ar\/sitio\/wp-json\/wp\/v2\/media\/14364"}],"wp:attachment":[{"href":"https:\/\/farmaciadagostino.com.ar\/sitio\/wp-json\/wp\/v2\/media?parent=18251"}],"wp:term":[{"taxonomy":"product_brand","embeddable":true,"href":"https:\/\/farmaciadagostino.com.ar\/sitio\/wp-json\/wp\/v2\/product_brand?post=18251"},{"taxonomy":"product_cat","embeddable":true,"href":"https:\/\/farmaciadagostino.com.ar\/sitio\/wp-json\/wp\/v2\/product_cat?post=18251"},{"taxonomy":"product_tag","embeddable":true,"href":"https:\/\/farmaciadagostino.com.ar\/sitio\/wp-json\/wp\/v2\/product_tag?post=18251"}],"curies":[{"name":"wp","href":"https:\/\/api.w.org\/{rel}","templated":true}]}}