{"id":18295,"date":"2024-07-02T11:24:47","date_gmt":"2024-07-02T14:24:47","guid":{"rendered":"https:\/\/farmaciadagostino.com.ar\/sitio\/?post_type=product&#038;p=18295"},"modified":"2026-03-09T10:18:58","modified_gmt":"2026-03-09T13:18:58","slug":"termometro-citizen-digital-cta301-c-x-1","status":"publish","type":"product","link":"https:\/\/farmaciadagostino.com.ar\/sitio\/producto\/termometro-citizen-digital-cta301-c-x-1\/","title":{"rendered":"TERMOMETRO CITIZEN DIGITAL (CTA301-C) X 1"},"content":{"rendered":"<p>Term\u00f3metro Digital Silfab Medici\u00f3n:<\/p>\n<p>oral<br \/>\naxilar<br \/>\nrectal<br \/>\nCon alarma de fiebre Rango de medici\u00f3n 32\u00b0C \u2013 42.9\u00b0C<\/p>\n<p>Alimentaci\u00f3n a pila 1.5v (duraci\u00f3n aprox. 2 a\u00f1os a dos mediciones diarias)<\/p>\n","protected":false},"excerpt":{"rendered":"<p>TERM\u00d3METRO DIGITAL CITIZEN CTA301C<\/p>\n","protected":false},"featured_media":14060,"comment_status":"open","ping_status":"closed","template":"","meta":[],"product_brand":[],"product_cat":[182],"product_tag":[],"class_list":{"0":"post-18295","1":"product","2":"type-product","3":"status-publish","4":"has-post-thumbnail","6":"product_cat-electro","8":"first","9":"instock","10":"shipping-taxable","11":"purchasable","12":"product-type-simple"},"_links":{"self":[{"href":"https:\/\/farmaciadagostino.com.ar\/sitio\/wp-json\/wp\/v2\/product\/18295","targetHints":{"allow":["GET"]}}],"collection":[{"href":"https:\/\/farmaciadagostino.com.ar\/sitio\/wp-json\/wp\/v2\/product"}],"about":[{"href":"https:\/\/farmaciadagostino.com.ar\/sitio\/wp-json\/wp\/v2\/types\/product"}],"replies":[{"embeddable":true,"href":"https:\/\/farmaciadagostino.com.ar\/sitio\/wp-json\/wp\/v2\/comments?post=18295"}],"wp:featuredmedia":[{"embeddable":true,"href":"https:\/\/farmaciadagostino.com.ar\/sitio\/wp-json\/wp\/v2\/media\/14060"}],"wp:attachment":[{"href":"https:\/\/farmaciadagostino.com.ar\/sitio\/wp-json\/wp\/v2\/media?parent=18295"}],"wp:term":[{"taxonomy":"product_brand","embeddable":true,"href":"https:\/\/farmaciadagostino.com.ar\/sitio\/wp-json\/wp\/v2\/product_brand?post=18295"},{"taxonomy":"product_cat","embeddable":true,"href":"https:\/\/farmaciadagostino.com.ar\/sitio\/wp-json\/wp\/v2\/product_cat?post=18295"},{"taxonomy":"product_tag","embeddable":true,"href":"https:\/\/farmaciadagostino.com.ar\/sitio\/wp-json\/wp\/v2\/product_tag?post=18295"}],"curies":[{"name":"wp","href":"https:\/\/api.w.org\/{rel}","templated":true}]}}