{"id":18321,"date":"2024-07-02T11:24:56","date_gmt":"2024-07-02T14:24:56","guid":{"rendered":"https:\/\/farmaciadagostino.com.ar\/sitio\/?post_type=product&#038;p=18321"},"modified":"2026-03-09T10:18:58","modified_gmt":"2026-03-09T13:18:58","slug":"always-ultrafina-plus-seca-toal-x-8","status":"publish","type":"product","link":"https:\/\/farmaciadagostino.com.ar\/sitio\/producto\/always-ultrafina-plus-seca-toal-x-8\/","title":{"rendered":"ALWAYS ULTRAFINA PLUS SECA TOAL X 8"},"content":{"rendered":"<p>si\u00e9ntete protegida con la toalla Always Ultrafina con cubierta seca de malla, es hasta dos veces m\u00e1s delgada para que ni esos d\u00edas te detengan.<\/p>\n","protected":false},"excerpt":{"rendered":"<p>ALWAYS TOALLA ULTRAFINAPLUS SECA X8U<\/p>\n","protected":false},"featured_media":14075,"comment_status":"open","ping_status":"closed","template":"","meta":[],"product_brand":[],"product_cat":[152],"product_tag":[],"class_list":{"0":"post-18321","1":"product","2":"type-product","3":"status-publish","4":"has-post-thumbnail","6":"product_cat-cuidado-personal","8":"first","9":"instock","10":"shipping-taxable","11":"purchasable","12":"product-type-simple"},"_links":{"self":[{"href":"https:\/\/farmaciadagostino.com.ar\/sitio\/wp-json\/wp\/v2\/product\/18321","targetHints":{"allow":["GET"]}}],"collection":[{"href":"https:\/\/farmaciadagostino.com.ar\/sitio\/wp-json\/wp\/v2\/product"}],"about":[{"href":"https:\/\/farmaciadagostino.com.ar\/sitio\/wp-json\/wp\/v2\/types\/product"}],"replies":[{"embeddable":true,"href":"https:\/\/farmaciadagostino.com.ar\/sitio\/wp-json\/wp\/v2\/comments?post=18321"}],"wp:featuredmedia":[{"embeddable":true,"href":"https:\/\/farmaciadagostino.com.ar\/sitio\/wp-json\/wp\/v2\/media\/14075"}],"wp:attachment":[{"href":"https:\/\/farmaciadagostino.com.ar\/sitio\/wp-json\/wp\/v2\/media?parent=18321"}],"wp:term":[{"taxonomy":"product_brand","embeddable":true,"href":"https:\/\/farmaciadagostino.com.ar\/sitio\/wp-json\/wp\/v2\/product_brand?post=18321"},{"taxonomy":"product_cat","embeddable":true,"href":"https:\/\/farmaciadagostino.com.ar\/sitio\/wp-json\/wp\/v2\/product_cat?post=18321"},{"taxonomy":"product_tag","embeddable":true,"href":"https:\/\/farmaciadagostino.com.ar\/sitio\/wp-json\/wp\/v2\/product_tag?post=18321"}],"curies":[{"name":"wp","href":"https:\/\/api.w.org\/{rel}","templated":true}]}}