{"id":18370,"date":"2024-07-02T11:25:12","date_gmt":"2024-07-02T14:25:12","guid":{"rendered":"https:\/\/farmaciadagostino.com.ar\/sitio\/?post_type=product&#038;p=18370"},"modified":"2026-03-09T10:10:58","modified_gmt":"2026-03-09T13:10:58","slug":"benetton-colors-man-black-intenso-edp-x-60-ml","status":"publish","type":"product","link":"https:\/\/farmaciadagostino.com.ar\/sitio\/producto\/benetton-colors-man-black-intenso-edp-x-60-ml\/","title":{"rendered":"BENETTON COLORS MAN BLACK INTENSO EDP X 60 ML"},"content":{"rendered":"<p>BLACK MAN INTENSO EDP<\/p>\n<p>COLORS MAN BLACK INTENSO sorprende con una intensa y armoniosa diversidad de esencias. De los refrescantes c\u00edtricos en contraposici\u00f3n a las especias en las notas de salida, a un coraz\u00f3n arom\u00e1tico de suaves maderas, terminando con un fondo oriental de madera de cedro y \u00e1mbar.<\/p>\n","protected":false},"excerpt":{"rendered":"<p>BENETTON COLORS MAN BLACK INTENSO EDP X 60 ML<\/p>\n","protected":false},"featured_media":14757,"comment_status":"open","ping_status":"closed","template":"","meta":[],"product_brand":[],"product_cat":[237],"product_tag":[],"class_list":{"0":"post-18370","1":"product","2":"type-product","3":"status-publish","4":"has-post-thumbnail","6":"product_cat-belleza","8":"first","9":"instock","10":"shipping-taxable","11":"purchasable","12":"product-type-simple"},"_links":{"self":[{"href":"https:\/\/farmaciadagostino.com.ar\/sitio\/wp-json\/wp\/v2\/product\/18370","targetHints":{"allow":["GET"]}}],"collection":[{"href":"https:\/\/farmaciadagostino.com.ar\/sitio\/wp-json\/wp\/v2\/product"}],"about":[{"href":"https:\/\/farmaciadagostino.com.ar\/sitio\/wp-json\/wp\/v2\/types\/product"}],"replies":[{"embeddable":true,"href":"https:\/\/farmaciadagostino.com.ar\/sitio\/wp-json\/wp\/v2\/comments?post=18370"}],"wp:featuredmedia":[{"embeddable":true,"href":"https:\/\/farmaciadagostino.com.ar\/sitio\/wp-json\/wp\/v2\/media\/14757"}],"wp:attachment":[{"href":"https:\/\/farmaciadagostino.com.ar\/sitio\/wp-json\/wp\/v2\/media?parent=18370"}],"wp:term":[{"taxonomy":"product_brand","embeddable":true,"href":"https:\/\/farmaciadagostino.com.ar\/sitio\/wp-json\/wp\/v2\/product_brand?post=18370"},{"taxonomy":"product_cat","embeddable":true,"href":"https:\/\/farmaciadagostino.com.ar\/sitio\/wp-json\/wp\/v2\/product_cat?post=18370"},{"taxonomy":"product_tag","embeddable":true,"href":"https:\/\/farmaciadagostino.com.ar\/sitio\/wp-json\/wp\/v2\/product_tag?post=18370"}],"curies":[{"name":"wp","href":"https:\/\/api.w.org\/{rel}","templated":true}]}}