{"id":18372,"date":"2024-07-02T11:25:12","date_gmt":"2024-07-02T14:25:12","guid":{"rendered":"https:\/\/farmaciadagostino.com.ar\/sitio\/?post_type=product&#038;p=18372"},"modified":"2026-03-09T10:26:02","modified_gmt":"2026-03-09T13:26:02","slug":"benetton-u-c-tribe-intense-edp-x90ml","status":"publish","type":"product","link":"https:\/\/farmaciadagostino.com.ar\/sitio\/producto\/benetton-u-c-tribe-intense-edp-x90ml\/","title":{"rendered":"BENETTON U.C. TRIBE INTENSE EDP X90ML"},"content":{"rendered":"<p>WE ARE TRIBE INTENSE, el nuevo EAU DE PARFUM para una generaci\u00f3n valiente, que quiere expresarse sin miedo y vivir intensamente. Las fragancias WE ARE TRIBE est\u00e1n pensadas para reunir a aquellas personas que tienen algo que decir, algo que cambiar y la fuerza para hacerlo realidad.<\/p>\n<p>WE ARE TRIBE INTENSE es un perfume masculino y moderno que te envuelve con la intensidad de sus notas de \u00e1mbar y un potente acorde de cuero. Seductor y elegante, con \u00e9l te sentir\u00e1s capaz de todo. <\/p>\n","protected":false},"excerpt":{"rendered":"<p>BENETTON U.C. TRIBE INTENSE EDP X90ML<\/p>\n","protected":false},"featured_media":14759,"comment_status":"open","ping_status":"closed","template":"","meta":[],"product_brand":[],"product_cat":[237],"product_tag":[],"class_list":{"0":"post-18372","1":"product","2":"type-product","3":"status-publish","4":"has-post-thumbnail","6":"product_cat-belleza","8":"first","9":"instock","10":"shipping-taxable","11":"purchasable","12":"product-type-simple"},"_links":{"self":[{"href":"https:\/\/farmaciadagostino.com.ar\/sitio\/wp-json\/wp\/v2\/product\/18372","targetHints":{"allow":["GET"]}}],"collection":[{"href":"https:\/\/farmaciadagostino.com.ar\/sitio\/wp-json\/wp\/v2\/product"}],"about":[{"href":"https:\/\/farmaciadagostino.com.ar\/sitio\/wp-json\/wp\/v2\/types\/product"}],"replies":[{"embeddable":true,"href":"https:\/\/farmaciadagostino.com.ar\/sitio\/wp-json\/wp\/v2\/comments?post=18372"}],"wp:featuredmedia":[{"embeddable":true,"href":"https:\/\/farmaciadagostino.com.ar\/sitio\/wp-json\/wp\/v2\/media\/14759"}],"wp:attachment":[{"href":"https:\/\/farmaciadagostino.com.ar\/sitio\/wp-json\/wp\/v2\/media?parent=18372"}],"wp:term":[{"taxonomy":"product_brand","embeddable":true,"href":"https:\/\/farmaciadagostino.com.ar\/sitio\/wp-json\/wp\/v2\/product_brand?post=18372"},{"taxonomy":"product_cat","embeddable":true,"href":"https:\/\/farmaciadagostino.com.ar\/sitio\/wp-json\/wp\/v2\/product_cat?post=18372"},{"taxonomy":"product_tag","embeddable":true,"href":"https:\/\/farmaciadagostino.com.ar\/sitio\/wp-json\/wp\/v2\/product_tag?post=18372"}],"curies":[{"name":"wp","href":"https:\/\/api.w.org\/{rel}","templated":true}]}}