{"id":18571,"date":"2024-07-02T11:26:14","date_gmt":"2024-07-02T14:26:14","guid":{"rendered":"https:\/\/farmaciadagostino.com.ar\/sitio\/?post_type=product&#038;p=18571"},"modified":"2026-03-09T10:19:01","modified_gmt":"2026-03-09T13:19:01","slug":"elvive-hidra-hialuronico-sh-x-750ml-new","status":"publish","type":"product","link":"https:\/\/farmaciadagostino.com.ar\/sitio\/producto\/elvive-hidra-hialuronico-sh-x-750ml-new\/","title":{"rendered":"ELVIVE HIDRA HIALURONICO SH X 750ML (NEW)"},"content":{"rendered":"<p>Descripci\u00f3n:<br \/>\nEl shampoo Hidra rellenador, con \u00c1cido Hialur\u00f3nico y efecto Anti-Sal\u00b0, recarga la fibra con una hidrataci\u00f3n intensa para una transformaci\u00f3n instant\u00e1nea y un cabello suave, ligero y brillante. Elvive Hidra Hialur\u00f3nico para cabello deshidratado.<br \/>\nBeneficios:<br \/>\n1. 4x m\u00e1s hidrataci\u00f3n.<br \/>\n2. Limpieza profunda.<\/p>\n<p>3. Suavidad y brillo intenso.<\/p>\n<p>Modo de uso:<br \/>\nAplicar sobre el cabello h\u00famedo. Masajear suavemente y enjuagar.<\/p>\n","protected":false},"excerpt":{"rendered":"<p>Shampoo Elvive Hidra Hialur\u00f3nico x 750 ml<\/p>\n","protected":false},"featured_media":14180,"comment_status":"open","ping_status":"closed","template":"","meta":[],"product_brand":[],"product_cat":[237,152],"product_tag":[],"class_list":{"0":"post-18571","1":"product","2":"type-product","3":"status-publish","4":"has-post-thumbnail","6":"product_cat-belleza","7":"product_cat-cuidado-personal","9":"first","10":"instock","11":"shipping-taxable","12":"purchasable","13":"product-type-simple"},"_links":{"self":[{"href":"https:\/\/farmaciadagostino.com.ar\/sitio\/wp-json\/wp\/v2\/product\/18571","targetHints":{"allow":["GET"]}}],"collection":[{"href":"https:\/\/farmaciadagostino.com.ar\/sitio\/wp-json\/wp\/v2\/product"}],"about":[{"href":"https:\/\/farmaciadagostino.com.ar\/sitio\/wp-json\/wp\/v2\/types\/product"}],"replies":[{"embeddable":true,"href":"https:\/\/farmaciadagostino.com.ar\/sitio\/wp-json\/wp\/v2\/comments?post=18571"}],"wp:featuredmedia":[{"embeddable":true,"href":"https:\/\/farmaciadagostino.com.ar\/sitio\/wp-json\/wp\/v2\/media\/14180"}],"wp:attachment":[{"href":"https:\/\/farmaciadagostino.com.ar\/sitio\/wp-json\/wp\/v2\/media?parent=18571"}],"wp:term":[{"taxonomy":"product_brand","embeddable":true,"href":"https:\/\/farmaciadagostino.com.ar\/sitio\/wp-json\/wp\/v2\/product_brand?post=18571"},{"taxonomy":"product_cat","embeddable":true,"href":"https:\/\/farmaciadagostino.com.ar\/sitio\/wp-json\/wp\/v2\/product_cat?post=18571"},{"taxonomy":"product_tag","embeddable":true,"href":"https:\/\/farmaciadagostino.com.ar\/sitio\/wp-json\/wp\/v2\/product_tag?post=18571"}],"curies":[{"name":"wp","href":"https:\/\/api.w.org\/{rel}","templated":true}]}}