{"id":18574,"date":"2024-07-02T11:26:14","date_gmt":"2024-07-02T14:26:14","guid":{"rendered":"https:\/\/farmaciadagostino.com.ar\/sitio\/?post_type=product&#038;p=18574"},"modified":"2026-03-09T10:19:01","modified_gmt":"2026-03-09T13:19:01","slug":"elvive-hyaluro-pure-hidra-purificante-sh-x-400-ml","status":"publish","type":"product","link":"https:\/\/farmaciadagostino.com.ar\/sitio\/producto\/elvive-hyaluro-pure-hidra-purificante-sh-x-400-ml\/","title":{"rendered":"ELVIVE HYALURO PURE HIDRA PURIFICANTE SH X 400 ML"},"content":{"rendered":"<p>Descubre el Nuevo Elvive Hialur\u00f3nico Pure de L&#8217;Or\u00e9al Paris, la nueva l\u00ednea para pelo graso y puntas deshidratadas. Con el Shampoo Hidra Purificante consigue un control de grasa, ra\u00edces purificadas y puntas hidratadas con su f\u00f3rmula doble acci\u00f3n: \u00e1cido salic\u00edlico y \u00e1cido hialur\u00f3nico. Ideal para pelo graso con puntas deshidratadas. Shampoo libre de sulfatos.<\/p>\n","protected":false},"excerpt":{"rendered":"<p>Shampoo Elvive Hialuronico pure x400ml<\/p>\n","protected":false},"featured_media":14176,"comment_status":"open","ping_status":"closed","template":"","meta":[],"product_brand":[],"product_cat":[237,262,152,264],"product_tag":[],"class_list":{"0":"post-18574","1":"product","2":"type-product","3":"status-publish","4":"has-post-thumbnail","6":"product_cat-belleza","7":"product_cat-promo","8":"product_cat-cuidado-personal","9":"product_cat-ofertas","11":"first","12":"instock","13":"sale","14":"shipping-taxable","15":"purchasable","16":"product-type-simple"},"_links":{"self":[{"href":"https:\/\/farmaciadagostino.com.ar\/sitio\/wp-json\/wp\/v2\/product\/18574","targetHints":{"allow":["GET"]}}],"collection":[{"href":"https:\/\/farmaciadagostino.com.ar\/sitio\/wp-json\/wp\/v2\/product"}],"about":[{"href":"https:\/\/farmaciadagostino.com.ar\/sitio\/wp-json\/wp\/v2\/types\/product"}],"replies":[{"embeddable":true,"href":"https:\/\/farmaciadagostino.com.ar\/sitio\/wp-json\/wp\/v2\/comments?post=18574"}],"wp:featuredmedia":[{"embeddable":true,"href":"https:\/\/farmaciadagostino.com.ar\/sitio\/wp-json\/wp\/v2\/media\/14176"}],"wp:attachment":[{"href":"https:\/\/farmaciadagostino.com.ar\/sitio\/wp-json\/wp\/v2\/media?parent=18574"}],"wp:term":[{"taxonomy":"product_brand","embeddable":true,"href":"https:\/\/farmaciadagostino.com.ar\/sitio\/wp-json\/wp\/v2\/product_brand?post=18574"},{"taxonomy":"product_cat","embeddable":true,"href":"https:\/\/farmaciadagostino.com.ar\/sitio\/wp-json\/wp\/v2\/product_cat?post=18574"},{"taxonomy":"product_tag","embeddable":true,"href":"https:\/\/farmaciadagostino.com.ar\/sitio\/wp-json\/wp\/v2\/product_tag?post=18574"}],"curies":[{"name":"wp","href":"https:\/\/api.w.org\/{rel}","templated":true}]}}